{"id":1605,"date":"2021-08-30T17:54:15","date_gmt":"2021-08-30T15:54:15","guid":{"rendered":"https:\/\/whoduniter.com\/cookies\/"},"modified":"2024-08-22T13:20:44","modified_gmt":"2024-08-22T11:20:44","slug":"cookies","status":"publish","type":"page","link":"https:\/\/whoduniter.com\/de\/cookies\/","title":{"rendered":"Cookies"},"content":{"rendered":"\t\t<div data-elementor-type=\"wp-page\" data-elementor-id=\"1605\" class=\"elementor elementor-1605 elementor-989\" data-elementor-post-type=\"page\">\n\t\t\t\t\t\t<section class=\"elementor-section elementor-top-section elementor-element elementor-element-d98082f elementor-section-boxed elementor-section-height-default elementor-section-height-default\" data-id=\"d98082f\" data-element_type=\"section\" data-settings=\"{&quot;background_background&quot;:&quot;classic&quot;}\">\n\t\t\t\t\t\t<div class=\"elementor-container elementor-column-gap-wider\">\n\t\t\t\t\t<div class=\"elementor-column elementor-col-100 elementor-top-column elementor-element elementor-element-20a65c7\" data-id=\"20a65c7\" data-element_type=\"column\">\n\t\t\t<div class=\"elementor-widget-wrap elementor-element-populated\">\n\t\t\t\t\t\t<div class=\"elementor-element elementor-element-5b84a34 elementor-widget elementor-widget-text-editor\" data-id=\"5b84a34\" data-element_type=\"widget\" data-widget_type=\"text-editor.default\">\n\t\t\t\t<div class=\"elementor-widget-container\">\n\t\t\t<style>\/*! elementor - v3.23.0 - 23-07-2024 *\/\n.elementor-widget-text-editor.elementor-drop-cap-view-stacked .elementor-drop-cap{background-color:#69727d;color:#fff}.elementor-widget-text-editor.elementor-drop-cap-view-framed .elementor-drop-cap{color:#69727d;border:3px solid;background-color:transparent}.elementor-widget-text-editor:not(.elementor-drop-cap-view-default) .elementor-drop-cap{margin-top:8px}.elementor-widget-text-editor:not(.elementor-drop-cap-view-default) .elementor-drop-cap-letter{width:1em;height:1em}.elementor-widget-text-editor .elementor-drop-cap{float:left;text-align:center;line-height:1;font-size:50px}.elementor-widget-text-editor .elementor-drop-cap-letter{display:inline-block}<\/style>\t\t\t\t<div class=\"flex max-w-full flex-col flex-grow\">\n<div class=\"min-h-[20px] text-message flex w-full flex-col items-end gap-2 break-words [.text-message+&amp;]:mt-5 overflow-x-auto whitespace-pre-wrap\" dir=\"auto\" data-message-author-role=\"assistant\" data-message-id=\"5eb13b77-47c0-4dcc-8063-08bd2a857945\">\n<div class=\"flex w-full flex-col gap-1 empty:hidden first:pt-[3px]\">\n<div class=\"markdown prose w-full break-words dark:prose-invert light\">\n<p><strong>COOKIE-RICHTLINIE<\/strong><br \/>\nZuletzt aktualisiert: 30. Juli 2024<\/p>\n<p>Diese Cookie-Richtlinie erkl\u00e4rt, was Cookies sind und wie wir sie verwenden. Sie sollten diese Richtlinie lesen, damit Sie verstehen, welche Art von Cookies wir verwenden, welche Informationen wir mithilfe von Cookies sammeln und wie diese Informationen verwendet werden.<\/p>\n<p>Cookies enthalten normalerweise keine Informationen, die einen Benutzer pers\u00f6nlich identifizieren. Pers\u00f6nliche Informationen, die wir \u00fcber Sie speichern, k\u00f6nnen jedoch mit den in Cookies gespeicherten und von Cookies erhaltenen Informationen verkn\u00fcpft werden. Weitere Informationen dar\u00fcber, wie wir Ihre pers\u00f6nlichen Daten verwenden, speichern und sch\u00fctzen, finden Sie in unserer Datenschutzrichtlinie.<\/p>\n<p>Wir speichern keine sensiblen pers\u00f6nlichen Informationen wie Postanschriften, Kontopassw\u00f6rter usw. in den von uns verwendeten Cookies.<\/p>\n<p><strong>Auslegung und Definitionen<\/strong><\/p>\n<p><strong>Auslegung<\/strong><br \/>\nW\u00f6rter, deren Anfangsbuchstabe gro\u00dfgeschrieben ist, haben unter den folgenden Bedingungen definierte Bedeutungen. Die folgenden Definitionen haben dieselbe Bedeutung, unabh\u00e4ngig davon, ob sie im Singular oder im Plural stehen.<\/p>\n<p><strong>Definitionen<\/strong><br \/>\nF\u00fcr die Zwecke dieser Cookie-Richtlinie gilt:<\/p>\n<ul>\n<li>Verantwortlich f\u00fcr die Erhebung, Verarbeitung und Nutzung Ihrer personenbezogenen Daten im Sinne des Datenschutzgesetzes ist die Website Whoduniter, Eigent\u00fcmerin Helena Mas, Parkstra\u00dfe 3, 14469 Potsdam, Deutschland.<\/li>\n<li>Cookies sind kleine Dateien, die von einer Website auf Ihrem Computer, Mobilger\u00e4t oder einem anderen Ger\u00e4t abgelegt werden und unter anderem Details zu Ihrem Browserverlauf auf dieser Website enthalten.<\/li>\n<li>Website bezieht sich auf Whoduniter, zug\u00e4nglich unter whoduniter.com.<\/li>\n<li>\u201eSie\u201c bezeichnet die Person, die auf die Website zugreift oder sie nutzt, oder ein Unternehmen oder eine juristische Person, in deren Namen diese Person auf die Website zugreift oder sie nutzt, je nach Fall.<\/li>\n<\/ul>\n<p><strong>Die Verwendung der Cookies<\/strong><\/p>\n<p><strong>Art der von uns verwendeten Cookies<\/strong><br \/>\nCookies k\u00f6nnen \u201edauerhaft\u201c oder \u201eSitzungscookies\u201c sein. Dauerhafte Cookies verbleiben auf Ihrem PC oder Mobilger\u00e4t, wenn Sie offline gehen, w\u00e4hrend Sitzungscookies gel\u00f6scht werden, sobald Sie Ihren Webbrowser schlie\u00dfen.<\/p>\n<p>Wir verwenden sowohl Sitzungscookies als auch dauerhafte Cookies f\u00fcr die unten aufgef\u00fchrten Zwecke:<\/p>\n<ul>\n<li><strong>Notwendige\/essenzielle Cookies<\/strong>\n<ul>\n<li><strong>Typ:<\/strong> Sitzungscookies<\/li>\n<li><strong>Verwaltet von:<\/strong> uns<\/li>\n<li><strong>Zweck:<\/strong> Diese Cookies sind unerl\u00e4sslich, um Ihnen die \u00fcber die Website verf\u00fcgbaren Dienste bereitzustellen und Ihnen die Nutzung einiger ihrer Funktionen zu erm\u00f6glichen. Sie helfen bei der Authentifizierung von Benutzern und verhindern die betr\u00fcgerische Verwendung von Benutzerkonten. Ohne diese Cookies k\u00f6nnen die von Ihnen angeforderten Dienste nicht bereitgestellt werden, und wir verwenden diese Cookies nur, um Ihnen diese Dienste bereitzustellen.<\/li>\n<\/ul>\n<\/li>\n<li><strong>Cookies f\u00fcr die Cookie-Richtlinie\/Hinweisakzeptanz-Cookies<\/strong>\n<ul>\n<li><strong>Typ:<\/strong> Dauerhafte Cookies<\/li>\n<li><strong>Verwaltet von:<\/strong> uns<\/li>\n<li><strong>Zweck:<\/strong> Diese Cookies identifizieren, ob Benutzer die Verwendung von Cookies auf der Website akzeptiert haben.<\/li>\n<\/ul>\n<\/li>\n<li><strong>Funktionscookies<\/strong>\n<ul>\n<li><strong>Typ:<\/strong> Dauerhafte Cookies<\/li>\n<li><strong>Verwaltet von:<\/strong> uns<\/li>\n<li><strong>Zweck:<\/strong> Diese Cookies erm\u00f6glichen es uns, Entscheidungen zu speichern, die Sie bei der Nutzung der Website treffen, z. B. Ihre Anmeldedaten oder Spracheinstellungen. Der Zweck dieser Cookies besteht darin, Ihnen ein pers\u00f6nlicheres Erlebnis zu bieten und zu vermeiden, dass Sie Ihre Einstellungen bei jeder Nutzung der Website erneut eingeben m\u00fcssen.<\/li>\n<\/ul>\n<\/li>\n<\/ul>\n<p><strong>Ihre Wahlm\u00f6glichkeiten in Bezug auf Cookies<\/strong><br \/>\nWenn Sie die Verwendung von Cookies auf der Website vermeiden m\u00f6chten, m\u00fcssen Sie zun\u00e4chst die Verwendung von Cookies in Ihrem Browser deaktivieren und anschlie\u00dfend die in Ihrem Browser gespeicherten und mit dieser Website verkn\u00fcpften Cookies l\u00f6schen. Sie k\u00f6nnen diese Option jederzeit nutzen, um die Verwendung von Cookies zu verhindern.<\/p>\n<p>Wenn Sie unsere Cookies nicht akzeptieren, kann dies zu Unannehmlichkeiten bei der Nutzung der Website f\u00fchren, und einige Funktionen funktionieren m\u00f6glicherweise nicht richtig.<\/p>\n<p>Wenn Sie Cookies l\u00f6schen oder Ihren Webbrowser anweisen m\u00f6chten, Cookies zu l\u00f6schen oder abzulehnen, besuchen Sie bitte die Hilfeseiten Ihres Webbrowsers.<\/p>\n<ul>\n<li>F\u00fcr den Chrome-Webbrowser besuchen Sie bitte diese Seite von Google: <a href=\"https:\/\/support.google.com\/accounts\/answer\/32050\" target=\"_new\" rel=\"noopener\">https:\/\/support.google.com\/accounts\/answer\/32050<\/a><\/li>\n<li>F\u00fcr den Internet Explorer-Webbrowser besuchen Sie bitte diese Seite von Microsoft: <a href=\"http:\/\/support.microsoft.com\/kb\/278835\" target=\"_new\" rel=\"noopener\">http:\/\/support.microsoft.com\/kb\/278835<\/a><\/li>\n<li>F\u00fcr den Firefox-Webbrowser besuchen Sie bitte diese Seite von Mozilla: <a href=\"https:\/\/support.mozilla.org\/en-US\/kb\/delete-cookies-remove-info-websites-stored\" target=\"_new\" rel=\"noopener\">https:\/\/support.mozilla.org\/en-US\/kb\/delete-cookies-remove-info-websites-stored<\/a><\/li>\n<li>F\u00fcr den Safari-Webbrowser besuchen Sie bitte diese Seite von Apple: <a href=\"https:\/\/support.apple.com\/guide\/safari\/manage-cookies-and-website-data-sfri11471\/mac\" target=\"_new\" rel=\"noopener\">https:\/\/support.apple.com\/guide\/safari\/manage-cookies-and-website-data-sfri11471\/mac<\/a><\/li>\n<li>F\u00fcr alle anderen Webbrowser besuchen Sie bitte die offiziellen Webseiten Ihres Webbrowsers.<\/li>\n<\/ul>\n<p><strong>Weitere Informationen zu Cookies<\/strong><br \/>\nWeitere Informationen zu Cookies finden Sie unter: Was sind Cookies?<\/p>\n<p><strong>Kontakt<\/strong><br \/>\nWenn Sie Fragen zu dieser Cookie-Richtlinie haben, k\u00f6nnen Sie uns kontaktieren:<\/p>\n<ul>\n<li>Per E-Mail: <a rel=\"noopener\">contact@whoduniter.com<\/a><\/li>\n<\/ul>\n<\/div>\n<\/div>\n<\/div>\n<\/div>\n<div class=\"mt-1 flex gap-3 empty:hidden -ml-2\">\n<div class=\"items-center justify-start rounded-xl p-1 flex\"><\/div>\n<\/div>\n\t\t\t\t\t\t<\/div>\n\t\t\t\t<\/div>\n\t\t\t\t\t<\/div>\n\t\t<\/div>\n\t\t\t\t\t<\/div>\n\t\t<\/section>\n\t\t\t\t<\/div>\n\t\t","protected":false},"excerpt":{"rendered":"<p>COOKIE-RICHTLINIE Zuletzt aktualisiert: 30. Juli 2024 Diese Cookie-Richtlinie erkl\u00e4rt, was Cookies sind und wie wir sie verwenden. Sie sollten diese Richtlinie lesen, damit Sie verstehen, welche Art von Cookies wir verwenden, welche Informationen wir mithilfe von Cookies sammeln und wie diese Informationen verwendet werden. Cookies enthalten normalerweise keine Informationen, die einen Benutzer pers\u00f6nlich identifizieren. Pers\u00f6nliche [&hellip;]<\/p>\n","protected":false},"author":1,"featured_media":0,"parent":0,"menu_order":0,"comment_status":"closed","ping_status":"closed","template":"","meta":{"inline_featured_image":false,"site-sidebar-layout":"no-sidebar","site-content-layout":"page-builder","ast-site-content-layout":"","site-content-style":"default","site-sidebar-style":"default","ast-global-header-display":"","ast-banner-title-visibility":"","ast-main-header-display":"","ast-hfb-above-header-display":"","ast-hfb-below-header-display":"","ast-hfb-mobile-header-display":"","site-post-title":"disabled","ast-breadcrumbs-content":"","ast-featured-img":"disabled","footer-sml-layout":"","theme-transparent-header-meta":"default","adv-header-id-meta":"","stick-header-meta":"","header-above-stick-meta":"","header-main-stick-meta":"","header-below-stick-meta":"","astra-migrate-meta-layouts":"default","ast-page-background-enabled":"default","ast-page-background-meta":{"desktop":{"background-color":"var(--ast-global-color-4)","background-image":"","background-repeat":"repeat","background-position":"center center","background-size":"auto","background-attachment":"scroll","background-type":"","background-media":"","overlay-type":"","overlay-color":"","overlay-opacity":"","overlay-gradient":""},"tablet":{"background-color":"","background-image":"","background-repeat":"repeat","background-position":"center center","background-size":"auto","background-attachment":"scroll","background-type":"","background-media":"","overlay-type":"","overlay-color":"","overlay-opacity":"","overlay-gradient":""},"mobile":{"background-color":"","background-image":"","background-repeat":"repeat","background-position":"center center","background-size":"auto","background-attachment":"scroll","background-type":"","background-media":"","overlay-type":"","overlay-color":"","overlay-opacity":"","overlay-gradient":""}},"ast-content-background-meta":{"desktop":{"background-color":"var(--ast-global-color-5)","background-image":"","background-repeat":"repeat","background-position":"center center","background-size":"auto","background-attachment":"scroll","background-type":"","background-media":"","overlay-type":"","overlay-color":"","overlay-opacity":"","overlay-gradient":""},"tablet":{"background-color":"var(--ast-global-color-5)","background-image":"","background-repeat":"repeat","background-position":"center center","background-size":"auto","background-attachment":"scroll","background-type":"","background-media":"","overlay-type":"","overlay-color":"","overlay-opacity":"","overlay-gradient":""},"mobile":{"background-color":"var(--ast-global-color-5)","background-image":"","background-repeat":"repeat","background-position":"center center","background-size":"auto","background-attachment":"scroll","background-type":"","background-media":"","overlay-type":"","overlay-color":"","overlay-opacity":"","overlay-gradient":""}},"footnotes":""},"class_list":["post-1605","page","type-page","status-publish","hentry"],"yoast_head":"<!-- This site is optimized with the Yoast SEO plugin v23.1 - https:\/\/yoast.com\/wordpress\/plugins\/seo\/ -->\n<title>Cookies - Whoduniter<\/title>\n<meta name=\"robots\" content=\"noindex, nofollow\" \/>\n<meta property=\"og:locale\" content=\"de_DE\" \/>\n<meta property=\"og:type\" content=\"article\" \/>\n<meta property=\"og:title\" content=\"Cookies - Whoduniter\" \/>\n<meta property=\"og:description\" content=\"COOKIE-RICHTLINIE Zuletzt aktualisiert: 30. Juli 2024 Diese Cookie-Richtlinie erkl\u00e4rt, was Cookies sind und wie wir sie verwenden. Sie sollten diese Richtlinie lesen, damit Sie verstehen, welche Art von Cookies wir verwenden, welche Informationen wir mithilfe von Cookies sammeln und wie diese Informationen verwendet werden. Cookies enthalten normalerweise keine Informationen, die einen Benutzer pers\u00f6nlich identifizieren. Pers\u00f6nliche [&hellip;]\" \/>\n<meta property=\"og:url\" content=\"https:\/\/whoduniter.com\/cookies\/\" \/>\n<meta property=\"og:site_name\" content=\"Whoduniter\" \/>\n<meta property=\"article:modified_time\" content=\"2024-08-22T11:20:44+00:00\" \/>\n<meta name=\"twitter:card\" content=\"summary_large_image\" \/>\n<meta name=\"twitter:label1\" content=\"Gesch\u00e4tzte Lesezeit\" \/>\n\t<meta name=\"twitter:data1\" content=\"4\u00a0Minuten\" \/>\n<script type=\"application\/ld+json\" class=\"yoast-schema-graph\">{\"@context\":\"https:\/\/schema.org\",\"@graph\":[{\"@type\":\"WebPage\",\"@id\":\"https:\/\/whoduniter.com\/cookies\/\",\"url\":\"https:\/\/whoduniter.com\/cookies\/\",\"name\":\"Cookies - Whoduniter\",\"isPartOf\":{\"@id\":\"https:\/\/whoduniter.com\/#website\"},\"datePublished\":\"2021-08-30T15:54:15+00:00\",\"dateModified\":\"2024-08-22T11:20:44+00:00\",\"breadcrumb\":{\"@id\":\"https:\/\/whoduniter.com\/cookies\/#breadcrumb\"},\"inLanguage\":\"de\",\"potentialAction\":[{\"@type\":\"ReadAction\",\"target\":[\"https:\/\/whoduniter.com\/cookies\/\"]}]},{\"@type\":\"BreadcrumbList\",\"@id\":\"https:\/\/whoduniter.com\/cookies\/#breadcrumb\",\"itemListElement\":[{\"@type\":\"ListItem\",\"position\":1,\"name\":\"Home\",\"item\":\"https:\/\/whoduniter.com\/\"},{\"@type\":\"ListItem\",\"position\":2,\"name\":\"Cookies\"}]},{\"@type\":\"WebSite\",\"@id\":\"https:\/\/whoduniter.com\/#website\",\"url\":\"https:\/\/whoduniter.com\/\",\"name\":\"Whoduniter\",\"description\":\"Corporate Mystery Experiences\",\"potentialAction\":[{\"@type\":\"SearchAction\",\"target\":{\"@type\":\"EntryPoint\",\"urlTemplate\":\"https:\/\/whoduniter.com\/?s={search_term_string}\"},\"query-input\":\"required name=search_term_string\"}],\"inLanguage\":\"de\"}]}<\/script>\n<!-- \/ Yoast SEO plugin. -->","yoast_head_json":{"title":"Cookies - Whoduniter","robots":{"index":"noindex","follow":"nofollow"},"og_locale":"de_DE","og_type":"article","og_title":"Cookies - Whoduniter","og_description":"COOKIE-RICHTLINIE Zuletzt aktualisiert: 30. Juli 2024 Diese Cookie-Richtlinie erkl\u00e4rt, was Cookies sind und wie wir sie verwenden. Sie sollten diese Richtlinie lesen, damit Sie verstehen, welche Art von Cookies wir verwenden, welche Informationen wir mithilfe von Cookies sammeln und wie diese Informationen verwendet werden. Cookies enthalten normalerweise keine Informationen, die einen Benutzer pers\u00f6nlich identifizieren. Pers\u00f6nliche [&hellip;]","og_url":"https:\/\/whoduniter.com\/cookies\/","og_site_name":"Whoduniter","article_modified_time":"2024-08-22T11:20:44+00:00","twitter_card":"summary_large_image","twitter_misc":{"Gesch\u00e4tzte Lesezeit":"4\u00a0Minuten"},"schema":{"@context":"https:\/\/schema.org","@graph":[{"@type":"WebPage","@id":"https:\/\/whoduniter.com\/cookies\/","url":"https:\/\/whoduniter.com\/cookies\/","name":"Cookies - Whoduniter","isPartOf":{"@id":"https:\/\/whoduniter.com\/#website"},"datePublished":"2021-08-30T15:54:15+00:00","dateModified":"2024-08-22T11:20:44+00:00","breadcrumb":{"@id":"https:\/\/whoduniter.com\/cookies\/#breadcrumb"},"inLanguage":"de","potentialAction":[{"@type":"ReadAction","target":["https:\/\/whoduniter.com\/cookies\/"]}]},{"@type":"BreadcrumbList","@id":"https:\/\/whoduniter.com\/cookies\/#breadcrumb","itemListElement":[{"@type":"ListItem","position":1,"name":"Home","item":"https:\/\/whoduniter.com\/"},{"@type":"ListItem","position":2,"name":"Cookies"}]},{"@type":"WebSite","@id":"https:\/\/whoduniter.com\/#website","url":"https:\/\/whoduniter.com\/","name":"Whoduniter","description":"Corporate Mystery Experiences","potentialAction":[{"@type":"SearchAction","target":{"@type":"EntryPoint","urlTemplate":"https:\/\/whoduniter.com\/?s={search_term_string}"},"query-input":"required name=search_term_string"}],"inLanguage":"de"}]}},"_links":{"self":[{"href":"https:\/\/whoduniter.com\/de\/wp-json\/wp\/v2\/pages\/1605","targetHints":{"allow":["GET"]}}],"collection":[{"href":"https:\/\/whoduniter.com\/de\/wp-json\/wp\/v2\/pages"}],"about":[{"href":"https:\/\/whoduniter.com\/de\/wp-json\/wp\/v2\/types\/page"}],"author":[{"embeddable":true,"href":"https:\/\/whoduniter.com\/de\/wp-json\/wp\/v2\/users\/1"}],"replies":[{"embeddable":true,"href":"https:\/\/whoduniter.com\/de\/wp-json\/wp\/v2\/comments?post=1605"}],"version-history":[{"count":2,"href":"https:\/\/whoduniter.com\/de\/wp-json\/wp\/v2\/pages\/1605\/revisions"}],"predecessor-version":[{"id":4116,"href":"https:\/\/whoduniter.com\/de\/wp-json\/wp\/v2\/pages\/1605\/revisions\/4116"}],"wp:attachment":[{"href":"https:\/\/whoduniter.com\/de\/wp-json\/wp\/v2\/media?parent=1605"}],"curies":[{"name":"wp","href":"https:\/\/api.w.org\/{rel}","templated":true}]}}