{"id":1660,"date":"2021-08-30T18:38:45","date_gmt":"2021-08-30T16:38:45","guid":{"rendered":"https:\/\/whoduniter.com\/virtual-teambuilding\/"},"modified":"2024-09-11T17:04:28","modified_gmt":"2024-09-11T15:04:28","slug":"teambuilding","status":"publish","type":"page","link":"https:\/\/whoduniter.com\/de\/teambuilding\/","title":{"rendered":"teambuilding"},"content":{"rendered":"\t\t<div data-elementor-type=\"wp-page\" data-elementor-id=\"1660\" class=\"elementor elementor-1660 elementor-816\" data-elementor-post-type=\"page\">\n\t\t\t\t\t\t<section class=\"elementor-section elementor-top-section elementor-element elementor-element-58e15b7 elementor-section-boxed elementor-section-height-default elementor-section-height-default\" data-id=\"58e15b7\" data-element_type=\"section\" data-settings=\"{&quot;background_background&quot;:&quot;classic&quot;}\">\n\t\t\t\t\t\t\t<div class=\"elementor-background-overlay\"><\/div>\n\t\t\t\t\t\t\t<div class=\"elementor-container elementor-column-gap-wide\">\n\t\t\t\t\t<div class=\"elementor-column elementor-col-100 elementor-top-column elementor-element elementor-element-de2ca63\" data-id=\"de2ca63\" data-element_type=\"column\">\n\t\t\t<div class=\"elementor-widget-wrap elementor-element-populated\">\n\t\t\t\t\t\t<div class=\"elementor-element elementor-element-568063d elementor-widget elementor-widget-heading\" data-id=\"568063d\" data-element_type=\"widget\" data-widget_type=\"heading.default\">\n\t\t\t\t<div class=\"elementor-widget-container\">\n\t\t\t<style>\/*! elementor - v3.23.0 - 23-07-2024 *\/\n.elementor-heading-title{padding:0;margin:0;line-height:1}.elementor-widget-heading .elementor-heading-title[class*=elementor-size-]>a{color:inherit;font-size:inherit;line-height:inherit}.elementor-widget-heading .elementor-heading-title.elementor-size-small{font-size:15px}.elementor-widget-heading .elementor-heading-title.elementor-size-medium{font-size:19px}.elementor-widget-heading .elementor-heading-title.elementor-size-large{font-size:29px}.elementor-widget-heading .elementor-heading-title.elementor-size-xl{font-size:39px}.elementor-widget-heading .elementor-heading-title.elementor-size-xxl{font-size:59px}<\/style><h1 class=\"elementor-heading-title elementor-size-default\">Virtual teambuilding<\/h1>\t\t<\/div>\n\t\t\t\t<\/div>\n\t\t\t\t<div class=\"elementor-element elementor-element-589dea2 elementor-align-right elementor-mobile-align-left elementor-icon-list--layout-traditional elementor-list-item-link-full_width elementor-invisible elementor-widget elementor-widget-icon-list\" data-id=\"589dea2\" data-element_type=\"widget\" data-settings=\"{&quot;_animation&quot;:&quot;fadeIn&quot;}\" data-widget_type=\"icon-list.default\">\n\t\t\t\t<div class=\"elementor-widget-container\">\n\t\t\t<link rel=\"stylesheet\" href=\"https:\/\/whoduniter.com\/wp-content\/plugins\/elementor\/assets\/css\/widget-icon-list.min.css\">\t\t<ul class=\"elementor-icon-list-items\">\n\t\t\t\t\t\t\t<li class=\"elementor-icon-list-item\">\n\t\t\t\t\t\t\t\t\t\t\t<span class=\"elementor-icon-list-icon\">\n\t\t\t\t\t\t\t<svg xmlns=\"http:\/\/www.w3.org\/2000\/svg\" xmlns:xlink=\"http:\/\/www.w3.org\/1999\/xlink\" id=\"Capa_1\" x=\"0px\" y=\"0px\" viewBox=\"0 0 12.5 25\" style=\"enable-background:new 0 0 12.5 25;\" xml:space=\"preserve\"><g>\t<path d=\"M6.3,25L6.3,25c-0.6,0-1-0.4-1-1V8.1h2V24C7.3,24.5,6.8,25,6.3,25z\"><\/path>\t<polygon points=\"10.2,22 10.2,20.9 8.9,20.9 8.9,20.4 9.3,20.4 9.3,19.5 7.3,19.5 7.3,23.3 11.2,23.3 11.2,22  \"><\/polygon>\t<path d=\"M9.4,3.9c0.1-0.2,0.1-0.5,0.1-0.7C9.5,1.4,8,0,6.3,0C4.5,0,3.1,1.4,3.1,3.2c0,0.2,0,0.5,0.1,0.7C1.4,4,0,5.4,0,7.1   c0,1.8,1.4,3.2,3.2,3.2c1.4,0,2.6-0.9,3.1-2.2c0.4,1.3,1.6,2.2,3.1,2.2c1.8,0,3.2-1.4,3.2-3.2C12.5,5.4,11.1,4,9.4,3.9z M3.6,8.9   c-0.9,0-1.7-0.8-1.7-1.7c0-0.9,0.8-1.7,1.7-1.7s1.7,0.8,1.7,1.7C5.3,8.1,4.6,8.9,3.6,8.9z M6.3,5C5.3,5,4.6,4.3,4.6,3.4   s0.8-1.7,1.7-1.7S8,2.4,8,3.4S7.2,5,6.3,5z M8.9,8.9C8,8.9,7.2,8.1,7.2,7.2c0-0.9,0.8-1.7,1.7-1.7c0.9,0,1.7,0.8,1.7,1.7   C10.6,8.1,9.8,8.9,8.9,8.9z\"><\/path><\/g><\/svg>\t\t\t\t\t\t<\/span>\n\t\t\t\t\t\t\t\t\t\t<span class=\"elementor-icon-list-text\">TEAMBUILDINGS<\/span>\n\t\t\t\t\t\t\t\t\t<\/li>\n\t\t\t\t\t\t<\/ul>\n\t\t\t\t<\/div>\n\t\t\t\t<\/div>\n\t\t\t\t<div class=\"elementor-element elementor-element-de9703a elementor-widget__width-initial elementor-invisible elementor-widget elementor-widget-heading\" data-id=\"de9703a\" data-element_type=\"widget\" data-settings=\"{&quot;_animation&quot;:&quot;fadeInLeft&quot;,&quot;_animation_delay&quot;:500}\" data-widget_type=\"heading.default\">\n\t\t\t\t<div class=\"elementor-widget-container\">\n\t\t\t<h1 class=\"elementor-heading-title elementor-size-default\">Ein Whodunit ist die perfekte Teambuilding-Aktivit\u00e4t. Dabei l\u00f6sen Kollegen gemeinsam verschiedene F\u00e4lle, indem sie zusammenarbeiten und sich gegenseitig vertrauen. Whodunits funktionieren sehr gut als Teambuilding, weil sie eine gro\u00dfe Bandbreite an Menschen ansprechen. Sie bieten Spa\u00df und Soft Skill-Training f\u00fcr jeden.<br><br>Unsere Krimi-Spiele stimulieren Teamwork und Engagement. Sie bringen virtuelle Teams zusammen und sorgen f\u00fcr mehr Spa\u00df am Job. <\/h1>\t\t<\/div>\n\t\t\t\t<\/div>\n\t\t\t\t<div class=\"elementor-element elementor-element-6e56698 elementor-widget__width-inherit elementor-widget elementor-widget-image\" data-id=\"6e56698\" data-element_type=\"widget\" data-widget_type=\"image.default\">\n\t\t\t\t<div class=\"elementor-widget-container\">\n\t\t\t<style>\/*! elementor - v3.23.0 - 23-07-2024 *\/\n.elementor-widget-image{text-align:center}.elementor-widget-image a{display:inline-block}.elementor-widget-image a img[src$=\".svg\"]{width:48px}.elementor-widget-image img{vertical-align:middle;display:inline-block}<\/style>\t\t\t\t\t\t\t\t\t\t<img fetchpriority=\"high\" decoding=\"async\" width=\"1024\" height=\"791\" src=\"https:\/\/whoduniter.com\/wp-content\/uploads\/Insta_1-1024x791.jpg\" class=\"attachment-large size-large wp-image-3905\" alt=\"\" srcset=\"https:\/\/whoduniter.com\/wp-content\/uploads\/Insta_1-1024x791.jpg 1024w, https:\/\/whoduniter.com\/wp-content\/uploads\/Insta_1-300x232.jpg 300w, https:\/\/whoduniter.com\/wp-content\/uploads\/Insta_1-768x593.jpg 768w, https:\/\/whoduniter.com\/wp-content\/uploads\/Insta_1-1536x1187.jpg 1536w, https:\/\/whoduniter.com\/wp-content\/uploads\/Insta_1-2048x1582.jpg 2048w\" sizes=\"(max-width: 1024px) 100vw, 1024px\" \/>\t\t\t\t\t\t\t\t\t\t\t\t\t<\/div>\n\t\t\t\t<\/div>\n\t\t\t\t<div class=\"elementor-element elementor-element-e86c9c3 elementor-invisible elementor-widget elementor-widget-button\" data-id=\"e86c9c3\" data-element_type=\"widget\" data-settings=\"{&quot;_animation&quot;:&quot;fadeInUp&quot;,&quot;_animation_delay&quot;:500}\" data-widget_type=\"button.default\">\n\t\t\t\t<div class=\"elementor-widget-container\">\n\t\t\t\t\t<div class=\"elementor-button-wrapper\">\n\t\t\t<a class=\"elementor-button elementor-button-link elementor-size-sm\" href=\"https:\/\/whoduniter.com\/de\/kontakt\/\">\n\t\t\t\t\t\t<span class=\"elementor-button-content-wrapper\">\n\t\t\t\t\t\t\t\t\t<span class=\"elementor-button-text\">Fragen Sie uns einfach! <\/span>\n\t\t\t\t\t<\/span>\n\t\t\t\t\t<\/a>\n\t\t<\/div>\n\t\t\t\t<\/div>\n\t\t\t\t<\/div>\n\t\t\t\t\t<\/div>\n\t\t<\/div>\n\t\t\t\t\t<\/div>\n\t\t<\/section>\n\t\t\t\t<\/div>\n\t\t","protected":false},"excerpt":{"rendered":"<p>Virtual teambuilding TEAMBUILDINGS Ein Whodunit ist die perfekte Teambuilding-Aktivit\u00e4t. Dabei l\u00f6sen Kollegen gemeinsam verschiedene F\u00e4lle, indem sie zusammenarbeiten und sich gegenseitig vertrauen. Whodunits funktionieren sehr gut als Teambuilding, weil sie eine gro\u00dfe Bandbreite an Menschen ansprechen. Sie bieten Spa\u00df und Soft Skill-Training f\u00fcr jeden. Unsere Krimi-Spiele stimulieren Teamwork und Engagement. Sie bringen virtuelle Teams zusammen [&hellip;]<\/p>\n","protected":false},"author":1,"featured_media":0,"parent":0,"menu_order":0,"comment_status":"closed","ping_status":"closed","template":"","meta":{"inline_featured_image":false,"site-sidebar-layout":"no-sidebar","site-content-layout":"page-builder","ast-site-content-layout":"","site-content-style":"default","site-sidebar-style":"default","ast-global-header-display":"","ast-banner-title-visibility":"","ast-main-header-display":"","ast-hfb-above-header-display":"","ast-hfb-below-header-display":"","ast-hfb-mobile-header-display":"","site-post-title":"disabled","ast-breadcrumbs-content":"","ast-featured-img":"disabled","footer-sml-layout":"","theme-transparent-header-meta":"default","adv-header-id-meta":"","stick-header-meta":"","header-above-stick-meta":"","header-main-stick-meta":"","header-below-stick-meta":"","astra-migrate-meta-layouts":"default","ast-page-background-enabled":"default","ast-page-background-meta":{"desktop":{"background-color":"var(--ast-global-color-4)","background-image":"","background-repeat":"repeat","background-position":"center center","background-size":"auto","background-attachment":"scroll","background-type":"","background-media":"","overlay-type":"","overlay-color":"","overlay-opacity":"","overlay-gradient":""},"tablet":{"background-color":"","background-image":"","background-repeat":"repeat","background-position":"center center","background-size":"auto","background-attachment":"scroll","background-type":"","background-media":"","overlay-type":"","overlay-color":"","overlay-opacity":"","overlay-gradient":""},"mobile":{"background-color":"","background-image":"","background-repeat":"repeat","background-position":"center center","background-size":"auto","background-attachment":"scroll","background-type":"","background-media":"","overlay-type":"","overlay-color":"","overlay-opacity":"","overlay-gradient":""}},"ast-content-background-meta":{"desktop":{"background-color":"var(--ast-global-color-5)","background-image":"","background-repeat":"repeat","background-position":"center center","background-size":"auto","background-attachment":"scroll","background-type":"","background-media":"","overlay-type":"","overlay-color":"","overlay-opacity":"","overlay-gradient":""},"tablet":{"background-color":"var(--ast-global-color-5)","background-image":"","background-repeat":"repeat","background-position":"center center","background-size":"auto","background-attachment":"scroll","background-type":"","background-media":"","overlay-type":"","overlay-color":"","overlay-opacity":"","overlay-gradient":""},"mobile":{"background-color":"var(--ast-global-color-5)","background-image":"","background-repeat":"repeat","background-position":"center center","background-size":"auto","background-attachment":"scroll","background-type":"","background-media":"","overlay-type":"","overlay-color":"","overlay-opacity":"","overlay-gradient":""}},"footnotes":""},"class_list":["post-1660","page","type-page","status-publish","hentry"],"yoast_head":"<!-- This site is optimized with the Yoast SEO plugin v23.1 - https:\/\/yoast.com\/wordpress\/plugins\/seo\/ -->\n<title>teambuilding - Whoduniter<\/title>\n<meta name=\"description\" content=\"Ein Whodunit ist die perfekte Teambuilding-Aktivit\u00e4t. Dabei l\u00f6sen Kollegen gemeinsam verschiedene F\u00e4lle, indem sie zusammenarbeiten und sich gegenseitig vertrauen.\" \/>\n<meta name=\"robots\" content=\"index, follow, max-snippet:-1, max-image-preview:large, max-video-preview:-1\" \/>\n<link rel=\"canonical\" href=\"https:\/\/whoduniter.com\/de\/teambuilding\/\" \/>\n<meta property=\"og:locale\" content=\"de_DE\" \/>\n<meta property=\"og:type\" content=\"article\" \/>\n<meta property=\"og:title\" content=\"teambuilding - Whoduniter\" \/>\n<meta property=\"og:description\" content=\"Ein Whodunit ist die perfekte Teambuilding-Aktivit\u00e4t. Dabei l\u00f6sen Kollegen gemeinsam verschiedene F\u00e4lle, indem sie zusammenarbeiten und sich gegenseitig vertrauen.\" \/>\n<meta property=\"og:url\" content=\"https:\/\/whoduniter.com\/de\/teambuilding\/\" \/>\n<meta property=\"og:site_name\" content=\"Whoduniter\" \/>\n<meta property=\"article:modified_time\" content=\"2024-09-11T15:04:28+00:00\" \/>\n<meta property=\"og:image\" content=\"https:\/\/whoduniter.com\/wp-content\/uploads\/Insta_1-1024x791.jpg\" \/>\n<meta name=\"twitter:card\" content=\"summary_large_image\" \/>\n<meta name=\"twitter:label1\" content=\"Gesch\u00e4tzte Lesezeit\" \/>\n\t<meta name=\"twitter:data1\" content=\"1\u00a0Minute\" \/>\n<script type=\"application\/ld+json\" class=\"yoast-schema-graph\">{\"@context\":\"https:\/\/schema.org\",\"@graph\":[{\"@type\":\"WebPage\",\"@id\":\"https:\/\/whoduniter.com\/de\/teambuilding\/\",\"url\":\"https:\/\/whoduniter.com\/de\/teambuilding\/\",\"name\":\"teambuilding - Whoduniter\",\"isPartOf\":{\"@id\":\"https:\/\/whoduniter.com\/#website\"},\"primaryImageOfPage\":{\"@id\":\"https:\/\/whoduniter.com\/de\/teambuilding\/#primaryimage\"},\"image\":{\"@id\":\"https:\/\/whoduniter.com\/de\/teambuilding\/#primaryimage\"},\"thumbnailUrl\":\"https:\/\/whoduniter.com\/wp-content\/uploads\/Insta_1-1024x791.jpg\",\"datePublished\":\"2021-08-30T16:38:45+00:00\",\"dateModified\":\"2024-09-11T15:04:28+00:00\",\"description\":\"Ein Whodunit ist die perfekte Teambuilding-Aktivit\u00e4t. Dabei l\u00f6sen Kollegen gemeinsam verschiedene F\u00e4lle, indem sie zusammenarbeiten und sich gegenseitig vertrauen.\",\"breadcrumb\":{\"@id\":\"https:\/\/whoduniter.com\/de\/teambuilding\/#breadcrumb\"},\"inLanguage\":\"de\",\"potentialAction\":[{\"@type\":\"ReadAction\",\"target\":[\"https:\/\/whoduniter.com\/de\/teambuilding\/\"]}]},{\"@type\":\"ImageObject\",\"inLanguage\":\"de\",\"@id\":\"https:\/\/whoduniter.com\/de\/teambuilding\/#primaryimage\",\"url\":\"https:\/\/whoduniter.com\/wp-content\/uploads\/Insta_1-1024x791.jpg\",\"contentUrl\":\"https:\/\/whoduniter.com\/wp-content\/uploads\/Insta_1-1024x791.jpg\"},{\"@type\":\"BreadcrumbList\",\"@id\":\"https:\/\/whoduniter.com\/de\/teambuilding\/#breadcrumb\",\"itemListElement\":[{\"@type\":\"ListItem\",\"position\":1,\"name\":\"Home\",\"item\":\"https:\/\/whoduniter.com\/\"},{\"@type\":\"ListItem\",\"position\":2,\"name\":\"teambuilding\"}]},{\"@type\":\"WebSite\",\"@id\":\"https:\/\/whoduniter.com\/#website\",\"url\":\"https:\/\/whoduniter.com\/\",\"name\":\"Whoduniter\",\"description\":\"Corporate Mystery Experiences\",\"potentialAction\":[{\"@type\":\"SearchAction\",\"target\":{\"@type\":\"EntryPoint\",\"urlTemplate\":\"https:\/\/whoduniter.com\/?s={search_term_string}\"},\"query-input\":\"required name=search_term_string\"}],\"inLanguage\":\"de\"}]}<\/script>\n<!-- \/ Yoast SEO plugin. -->","yoast_head_json":{"title":"teambuilding - Whoduniter","description":"Ein Whodunit ist die perfekte Teambuilding-Aktivit\u00e4t. Dabei l\u00f6sen Kollegen gemeinsam verschiedene F\u00e4lle, indem sie zusammenarbeiten und sich gegenseitig vertrauen.","robots":{"index":"index","follow":"follow","max-snippet":"max-snippet:-1","max-image-preview":"max-image-preview:large","max-video-preview":"max-video-preview:-1"},"canonical":"https:\/\/whoduniter.com\/de\/teambuilding\/","og_locale":"de_DE","og_type":"article","og_title":"teambuilding - Whoduniter","og_description":"Ein Whodunit ist die perfekte Teambuilding-Aktivit\u00e4t. Dabei l\u00f6sen Kollegen gemeinsam verschiedene F\u00e4lle, indem sie zusammenarbeiten und sich gegenseitig vertrauen.","og_url":"https:\/\/whoduniter.com\/de\/teambuilding\/","og_site_name":"Whoduniter","article_modified_time":"2024-09-11T15:04:28+00:00","og_image":[{"url":"https:\/\/whoduniter.com\/wp-content\/uploads\/Insta_1-1024x791.jpg"}],"twitter_card":"summary_large_image","twitter_misc":{"Gesch\u00e4tzte Lesezeit":"1\u00a0Minute"},"schema":{"@context":"https:\/\/schema.org","@graph":[{"@type":"WebPage","@id":"https:\/\/whoduniter.com\/de\/teambuilding\/","url":"https:\/\/whoduniter.com\/de\/teambuilding\/","name":"teambuilding - Whoduniter","isPartOf":{"@id":"https:\/\/whoduniter.com\/#website"},"primaryImageOfPage":{"@id":"https:\/\/whoduniter.com\/de\/teambuilding\/#primaryimage"},"image":{"@id":"https:\/\/whoduniter.com\/de\/teambuilding\/#primaryimage"},"thumbnailUrl":"https:\/\/whoduniter.com\/wp-content\/uploads\/Insta_1-1024x791.jpg","datePublished":"2021-08-30T16:38:45+00:00","dateModified":"2024-09-11T15:04:28+00:00","description":"Ein Whodunit ist die perfekte Teambuilding-Aktivit\u00e4t. Dabei l\u00f6sen Kollegen gemeinsam verschiedene F\u00e4lle, indem sie zusammenarbeiten und sich gegenseitig vertrauen.","breadcrumb":{"@id":"https:\/\/whoduniter.com\/de\/teambuilding\/#breadcrumb"},"inLanguage":"de","potentialAction":[{"@type":"ReadAction","target":["https:\/\/whoduniter.com\/de\/teambuilding\/"]}]},{"@type":"ImageObject","inLanguage":"de","@id":"https:\/\/whoduniter.com\/de\/teambuilding\/#primaryimage","url":"https:\/\/whoduniter.com\/wp-content\/uploads\/Insta_1-1024x791.jpg","contentUrl":"https:\/\/whoduniter.com\/wp-content\/uploads\/Insta_1-1024x791.jpg"},{"@type":"BreadcrumbList","@id":"https:\/\/whoduniter.com\/de\/teambuilding\/#breadcrumb","itemListElement":[{"@type":"ListItem","position":1,"name":"Home","item":"https:\/\/whoduniter.com\/"},{"@type":"ListItem","position":2,"name":"teambuilding"}]},{"@type":"WebSite","@id":"https:\/\/whoduniter.com\/#website","url":"https:\/\/whoduniter.com\/","name":"Whoduniter","description":"Corporate Mystery Experiences","potentialAction":[{"@type":"SearchAction","target":{"@type":"EntryPoint","urlTemplate":"https:\/\/whoduniter.com\/?s={search_term_string}"},"query-input":"required name=search_term_string"}],"inLanguage":"de"}]}},"_links":{"self":[{"href":"https:\/\/whoduniter.com\/de\/wp-json\/wp\/v2\/pages\/1660","targetHints":{"allow":["GET"]}}],"collection":[{"href":"https:\/\/whoduniter.com\/de\/wp-json\/wp\/v2\/pages"}],"about":[{"href":"https:\/\/whoduniter.com\/de\/wp-json\/wp\/v2\/types\/page"}],"author":[{"embeddable":true,"href":"https:\/\/whoduniter.com\/de\/wp-json\/wp\/v2\/users\/1"}],"replies":[{"embeddable":true,"href":"https:\/\/whoduniter.com\/de\/wp-json\/wp\/v2\/comments?post=1660"}],"version-history":[{"count":15,"href":"https:\/\/whoduniter.com\/de\/wp-json\/wp\/v2\/pages\/1660\/revisions"}],"predecessor-version":[{"id":4202,"href":"https:\/\/whoduniter.com\/de\/wp-json\/wp\/v2\/pages\/1660\/revisions\/4202"}],"wp:attachment":[{"href":"https:\/\/whoduniter.com\/de\/wp-json\/wp\/v2\/media?parent=1660"}],"curies":[{"name":"wp","href":"https:\/\/api.w.org\/{rel}","templated":true}]}}