{"id":1370,"date":"2021-08-27T15:51:06","date_gmt":"2021-08-27T13:51:06","guid":{"rendered":"https:\/\/whoduniter.com\/formacion-online-de-soft-skills\/"},"modified":"2024-09-26T15:11:51","modified_gmt":"2024-09-26T13:11:51","slug":"formacion-online-de-soft-skills","status":"publish","type":"page","link":"https:\/\/whoduniter.com\/es\/formacion-online-de-soft-skills\/","title":{"rendered":"Formaci\u00f3n online de Soft Skills"},"content":{"rendered":"\t\t<div data-elementor-type=\"wp-page\" data-elementor-id=\"1370\" class=\"elementor elementor-1370 elementor-860\" data-elementor-post-type=\"page\">\n\t\t\t\t\t\t<section class=\"elementor-section elementor-top-section elementor-element elementor-element-550ec957 elementor-section-full_width elementor-section-height-default elementor-section-height-default\" data-id=\"550ec957\" data-element_type=\"section\">\n\t\t\t\t\t\t<div class=\"elementor-container elementor-column-gap-default\">\n\t\t\t\t\t<div class=\"elementor-column elementor-col-100 elementor-top-column elementor-element elementor-element-b99e7c8\" data-id=\"b99e7c8\" data-element_type=\"column\">\n\t\t\t<div class=\"elementor-widget-wrap elementor-element-populated\">\n\t\t\t\t\t\t<div class=\"elementor-element elementor-element-332f3aee elementor-align-center elementor-icon-list--layout-traditional elementor-list-item-link-full_width elementor-widget elementor-widget-icon-list\" data-id=\"332f3aee\" data-element_type=\"widget\" data-widget_type=\"icon-list.default\">\n\t\t\t\t<div class=\"elementor-widget-container\">\n\t\t\t<link rel=\"stylesheet\" href=\"https:\/\/whoduniter.com\/wp-content\/plugins\/elementor\/assets\/css\/widget-icon-list.min.css\">\t\t<ul class=\"elementor-icon-list-items\">\n\t\t\t\t\t\t\t<li class=\"elementor-icon-list-item\">\n\t\t\t\t\t\t\t\t\t\t\t<span class=\"elementor-icon-list-icon\">\n\t\t\t\t\t\t\t<svg xmlns=\"http:\/\/www.w3.org\/2000\/svg\" xmlns:xlink=\"http:\/\/www.w3.org\/1999\/xlink\" id=\"Capa_1\" x=\"0px\" y=\"0px\" viewBox=\"0 0 12.5 25\" style=\"enable-background:new 0 0 12.5 25;\" xml:space=\"preserve\"><g>\t<path d=\"M6.3,25L6.3,25c-0.6,0-1-0.4-1-1V8.1h2V24C7.3,24.5,6.8,25,6.3,25z\"><\/path>\t<polygon points=\"10.2,22 10.2,20.9 8.9,20.9 8.9,20.4 9.3,20.4 9.3,19.5 7.3,19.5 7.3,23.3 11.2,23.3 11.2,22  \"><\/polygon>\t<path d=\"M9.4,3.9c0.1-0.2,0.1-0.5,0.1-0.7C9.5,1.4,8,0,6.3,0C4.5,0,3.1,1.4,3.1,3.2c0,0.2,0,0.5,0.1,0.7C1.4,4,0,5.4,0,7.1   c0,1.8,1.4,3.2,3.2,3.2c1.4,0,2.6-0.9,3.1-2.2c0.4,1.3,1.6,2.2,3.1,2.2c1.8,0,3.2-1.4,3.2-3.2C12.5,5.4,11.1,4,9.4,3.9z M3.6,8.9   c-0.9,0-1.7-0.8-1.7-1.7c0-0.9,0.8-1.7,1.7-1.7s1.7,0.8,1.7,1.7C5.3,8.1,4.6,8.9,3.6,8.9z M6.3,5C5.3,5,4.6,4.3,4.6,3.4   s0.8-1.7,1.7-1.7S8,2.4,8,3.4S7.2,5,6.3,5z M8.9,8.9C8,8.9,7.2,8.1,7.2,7.2c0-0.9,0.8-1.7,1.7-1.7c0.9,0,1.7,0.8,1.7,1.7   C10.6,8.1,9.8,8.9,8.9,8.9z\"><\/path><\/g><\/svg>\t\t\t\t\t\t<\/span>\n\t\t\t\t\t\t\t\t\t\t<span class=\"elementor-icon-list-text\">FORMACI\u00d3N ONLINE DE SOFT SKILLS <\/span>\n\t\t\t\t\t\t\t\t\t<\/li>\n\t\t\t\t\t\t<\/ul>\n\t\t\t\t<\/div>\n\t\t\t\t<\/div>\n\t\t\t\t\t<\/div>\n\t\t<\/div>\n\t\t\t\t\t<\/div>\n\t\t<\/section>\n\t\t\t\t<section class=\"elementor-section elementor-top-section elementor-element elementor-element-77d099b8 elementor-section-height-min-height elementor-section-boxed elementor-section-height-default elementor-section-items-middle\" data-id=\"77d099b8\" data-element_type=\"section\" data-settings=\"{&quot;background_background&quot;:&quot;classic&quot;}\">\n\t\t\t\t\t\t\t<div class=\"elementor-background-overlay\"><\/div>\n\t\t\t\t\t\t\t<div class=\"elementor-container elementor-column-gap-narrow\">\n\t\t\t\t\t<div class=\"elementor-column elementor-col-100 elementor-top-column elementor-element elementor-element-23ea3c66\" data-id=\"23ea3c66\" data-element_type=\"column\">\n\t\t\t<div class=\"elementor-widget-wrap elementor-element-populated\">\n\t\t\t\t\t\t<div class=\"elementor-element elementor-element-4875d49e elementor-widget__width-initial elementor-absolute animated-slow elementor-hidden-tablet elementor-hidden-mobile elementor-invisible elementor-widget elementor-widget-heading\" data-id=\"4875d49e\" data-element_type=\"widget\" data-settings=\"{&quot;_animation&quot;:&quot;fadeIn&quot;,&quot;_animation_delay&quot;:2500,&quot;_position&quot;:&quot;absolute&quot;}\" data-widget_type=\"heading.default\">\n\t\t\t\t<div class=\"elementor-widget-container\">\n\t\t\t<style>\/*! elementor - v3.23.0 - 23-07-2024 *\/\n.elementor-heading-title{padding:0;margin:0;line-height:1}.elementor-widget-heading .elementor-heading-title[class*=elementor-size-]>a{color:inherit;font-size:inherit;line-height:inherit}.elementor-widget-heading .elementor-heading-title.elementor-size-small{font-size:15px}.elementor-widget-heading .elementor-heading-title.elementor-size-medium{font-size:19px}.elementor-widget-heading .elementor-heading-title.elementor-size-large{font-size:29px}.elementor-widget-heading .elementor-heading-title.elementor-size-xl{font-size:39px}.elementor-widget-heading .elementor-heading-title.elementor-size-xxl{font-size:59px}<\/style><p class=\"elementor-heading-title elementor-size-default\">Tambi\u00e9n ofrecemos dos juegos de misterio creados espec\u00edficamente para desarrollar las competencias de LIDERAZGO y PENSAMIENTO ESTRAT\u00c9GICO.\n<\/p>\t\t<\/div>\n\t\t\t\t<\/div>\n\t\t\t\t<div class=\"elementor-element elementor-element-58927282 elementor-widget__width-initial elementor-invisible elementor-widget elementor-widget-heading\" data-id=\"58927282\" data-element_type=\"widget\" data-settings=\"{&quot;_animation&quot;:&quot;fadeInLeft&quot;,&quot;_animation_delay&quot;:0}\" data-widget_type=\"heading.default\">\n\t\t\t\t<div class=\"elementor-widget-container\">\n\t\t\t<h1 class=\"elementor-heading-title elementor-size-default\">Nuestros whodunits presentan escenarios situacionales en los que los participantes pueden mejorar sus competencias transversales a trav\u00e9s de un serious game dise\u00f1ado como una historia de detectives interactiva. El juego incorpora varios argumentos inspirados en temas y personajes de las novelas cl\u00e1sicas de misterio detectivesco.<br><br>\n\nAl viajar en el tiempo, los participantes desarrollar\u00e1n una serie de competencias clave siendo los protagonistas de las distintas tramas que hay en la historia del juego, con sus propios objetivos que alcanzar y problemas que resolver.<\/span>\n<br><br>\n<\/h1>\t\t<\/div>\n\t\t\t\t<\/div>\n\t\t\t\t<div class=\"elementor-element elementor-element-480ca0cc elementor-widget elementor-widget-image\" data-id=\"480ca0cc\" data-element_type=\"widget\" data-widget_type=\"image.default\">\n\t\t\t\t<div class=\"elementor-widget-container\">\n\t\t\t<style>\/*! elementor - v3.23.0 - 23-07-2024 *\/\n.elementor-widget-image{text-align:center}.elementor-widget-image a{display:inline-block}.elementor-widget-image a img[src$=\".svg\"]{width:48px}.elementor-widget-image img{vertical-align:middle;display:inline-block}<\/style>\t\t\t\t\t\t\t\t\t\t<img fetchpriority=\"high\" decoding=\"async\" width=\"910\" height=\"500\" src=\"https:\/\/whoduniter.com\/wp-content\/uploads\/soft-skills-online-training-3.jpg\" class=\"attachment-large size-large wp-image-1372\" alt=\"\" srcset=\"https:\/\/whoduniter.com\/wp-content\/uploads\/soft-skills-online-training-3.jpg 910w, https:\/\/whoduniter.com\/wp-content\/uploads\/soft-skills-online-training-3-300x165.jpg 300w, https:\/\/whoduniter.com\/wp-content\/uploads\/soft-skills-online-training-3-768x422.jpg 768w\" sizes=\"(max-width: 910px) 100vw, 910px\" \/>\t\t\t\t\t\t\t\t\t\t\t\t\t<\/div>\n\t\t\t\t<\/div>\n\t\t\t\t<div class=\"elementor-element elementor-element-70febad1 animated-fast elementor-align-left elementor-icon-list--layout-traditional elementor-list-item-link-full_width elementor-widget elementor-widget-icon-list\" data-id=\"70febad1\" data-element_type=\"widget\" data-settings=\"{&quot;_animation&quot;:&quot;none&quot;,&quot;_animation_delay&quot;:0}\" data-widget_type=\"icon-list.default\">\n\t\t\t\t<div class=\"elementor-widget-container\">\n\t\t\t\t\t<ul class=\"elementor-icon-list-items\">\n\t\t\t\t\t\t\t<li class=\"elementor-icon-list-item\">\n\t\t\t\t\t\t\t\t\t\t\t<span class=\"elementor-icon-list-icon\">\n\t\t\t\t\t\t\t<svg aria-hidden=\"true\" class=\"e-font-icon-svg e-fas-check\" viewBox=\"0 0 512 512\" xmlns=\"http:\/\/www.w3.org\/2000\/svg\"><path d=\"M173.898 439.404l-166.4-166.4c-9.997-9.997-9.997-26.206 0-36.204l36.203-36.204c9.997-9.998 26.207-9.998 36.204 0L192 312.69 432.095 72.596c9.997-9.997 26.207-9.997 36.204 0l36.203 36.204c9.997 9.997 9.997 26.206 0 36.204l-294.4 294.401c-9.998 9.997-26.207 9.997-36.204-.001z\"><\/path><\/svg>\t\t\t\t\t\t<\/span>\n\t\t\t\t\t\t\t\t\t\t<span class=\"elementor-icon-list-text\">Resoluci\u00f3n de problemas complejos<\/span>\n\t\t\t\t\t\t\t\t\t<\/li>\n\t\t\t\t\t\t\t\t<li class=\"elementor-icon-list-item\">\n\t\t\t\t\t\t\t\t\t\t\t<span class=\"elementor-icon-list-icon\">\n\t\t\t\t\t\t\t<svg aria-hidden=\"true\" class=\"e-font-icon-svg e-fas-check\" viewBox=\"0 0 512 512\" xmlns=\"http:\/\/www.w3.org\/2000\/svg\"><path d=\"M173.898 439.404l-166.4-166.4c-9.997-9.997-9.997-26.206 0-36.204l36.203-36.204c9.997-9.998 26.207-9.998 36.204 0L192 312.69 432.095 72.596c9.997-9.997 26.207-9.997 36.204 0l36.203 36.204c9.997 9.997 9.997 26.206 0 36.204l-294.4 294.401c-9.998 9.997-26.207 9.997-36.204-.001z\"><\/path><\/svg>\t\t\t\t\t\t<\/span>\n\t\t\t\t\t\t\t\t\t\t<span class=\"elementor-icon-list-text\">Pensamiento anal\u00edtico y cr\u00edtico <\/span>\n\t\t\t\t\t\t\t\t\t<\/li>\n\t\t\t\t\t\t\t\t<li class=\"elementor-icon-list-item\">\n\t\t\t\t\t\t\t\t\t\t\t<span class=\"elementor-icon-list-icon\">\n\t\t\t\t\t\t\t<svg aria-hidden=\"true\" class=\"e-font-icon-svg e-fas-check\" viewBox=\"0 0 512 512\" xmlns=\"http:\/\/www.w3.org\/2000\/svg\"><path d=\"M173.898 439.404l-166.4-166.4c-9.997-9.997-9.997-26.206 0-36.204l36.203-36.204c9.997-9.998 26.207-9.998 36.204 0L192 312.69 432.095 72.596c9.997-9.997 26.207-9.997 36.204 0l36.203 36.204c9.997 9.997 9.997 26.206 0 36.204l-294.4 294.401c-9.998 9.997-26.207 9.997-36.204-.001z\"><\/path><\/svg>\t\t\t\t\t\t<\/span>\n\t\t\t\t\t\t\t\t\t\t<span class=\"elementor-icon-list-text\">Creatividad e iniciativa<\/span>\n\t\t\t\t\t\t\t\t\t<\/li>\n\t\t\t\t\t\t\t\t<li class=\"elementor-icon-list-item\">\n\t\t\t\t\t\t\t\t\t\t\t<span class=\"elementor-icon-list-icon\">\n\t\t\t\t\t\t\t<svg aria-hidden=\"true\" class=\"e-font-icon-svg e-fas-check\" viewBox=\"0 0 512 512\" xmlns=\"http:\/\/www.w3.org\/2000\/svg\"><path d=\"M173.898 439.404l-166.4-166.4c-9.997-9.997-9.997-26.206 0-36.204l36.203-36.204c9.997-9.998 26.207-9.998 36.204 0L192 312.69 432.095 72.596c9.997-9.997 26.207-9.997 36.204 0l36.203 36.204c9.997 9.997 9.997 26.206 0 36.204l-294.4 294.401c-9.998 9.997-26.207 9.997-36.204-.001z\"><\/path><\/svg>\t\t\t\t\t\t<\/span>\n\t\t\t\t\t\t\t\t\t\t<span class=\"elementor-icon-list-text\">Resiliencia, tolerancia al estr\u00e9s y flexibilidad<\/span>\n\t\t\t\t\t\t\t\t\t<\/li>\n\t\t\t\t\t\t\t\t<li class=\"elementor-icon-list-item\">\n\t\t\t\t\t\t\t\t\t\t\t<span class=\"elementor-icon-list-icon\">\n\t\t\t\t\t\t\t<svg aria-hidden=\"true\" class=\"e-font-icon-svg e-fas-check\" viewBox=\"0 0 512 512\" xmlns=\"http:\/\/www.w3.org\/2000\/svg\"><path d=\"M173.898 439.404l-166.4-166.4c-9.997-9.997-9.997-26.206 0-36.204l36.203-36.204c9.997-9.998 26.207-9.998 36.204 0L192 312.69 432.095 72.596c9.997-9.997 26.207-9.997 36.204 0l36.203 36.204c9.997 9.997 9.997 26.206 0 36.204l-294.4 294.401c-9.998 9.997-26.207 9.997-36.204-.001z\"><\/path><\/svg>\t\t\t\t\t\t<\/span>\n\t\t\t\t\t\t\t\t\t\t<span class=\"elementor-icon-list-text\">Comunicaci\u00f3n interpersonal<\/span>\n\t\t\t\t\t\t\t\t\t<\/li>\n\t\t\t\t\t\t\t\t<li class=\"elementor-icon-list-item\">\n\t\t\t\t\t\t\t\t\t\t\t<span class=\"elementor-icon-list-icon\">\n\t\t\t\t\t\t\t<svg aria-hidden=\"true\" class=\"e-font-icon-svg e-fas-check\" viewBox=\"0 0 512 512\" xmlns=\"http:\/\/www.w3.org\/2000\/svg\"><path d=\"M173.898 439.404l-166.4-166.4c-9.997-9.997-9.997-26.206 0-36.204l36.203-36.204c9.997-9.998 26.207-9.998 36.204 0L192 312.69 432.095 72.596c9.997-9.997 26.207-9.997 36.204 0l36.203 36.204c9.997 9.997 9.997 26.206 0 36.204l-294.4 294.401c-9.998 9.997-26.207 9.997-36.204-.001z\"><\/path><\/svg>\t\t\t\t\t\t<\/span>\n\t\t\t\t\t\t\t\t\t\t<span class=\"elementor-icon-list-text\">Liderazgo<\/span>\n\t\t\t\t\t\t\t\t\t<\/li>\n\t\t\t\t\t\t\t\t<li class=\"elementor-icon-list-item\">\n\t\t\t\t\t\t\t\t\t\t\t<span class=\"elementor-icon-list-icon\">\n\t\t\t\t\t\t\t<svg aria-hidden=\"true\" class=\"e-font-icon-svg e-fas-check\" viewBox=\"0 0 512 512\" xmlns=\"http:\/\/www.w3.org\/2000\/svg\"><path d=\"M173.898 439.404l-166.4-166.4c-9.997-9.997-9.997-26.206 0-36.204l36.203-36.204c9.997-9.998 26.207-9.998 36.204 0L192 312.69 432.095 72.596c9.997-9.997 26.207-9.997 36.204 0l36.203 36.204c9.997 9.997 9.997 26.206 0 36.204l-294.4 294.401c-9.998 9.997-26.207 9.997-36.204-.001z\"><\/path><\/svg>\t\t\t\t\t\t<\/span>\n\t\t\t\t\t\t\t\t\t\t<span class=\"elementor-icon-list-text\">Gesti\u00f3n del tiempo<\/span>\n\t\t\t\t\t\t\t\t\t<\/li>\n\t\t\t\t\t\t\t\t<li class=\"elementor-icon-list-item\">\n\t\t\t\t\t\t\t\t\t\t\t<span class=\"elementor-icon-list-icon\">\n\t\t\t\t\t\t\t<svg aria-hidden=\"true\" class=\"e-font-icon-svg e-fas-check\" viewBox=\"0 0 512 512\" xmlns=\"http:\/\/www.w3.org\/2000\/svg\"><path d=\"M173.898 439.404l-166.4-166.4c-9.997-9.997-9.997-26.206 0-36.204l36.203-36.204c9.997-9.998 26.207-9.998 36.204 0L192 312.69 432.095 72.596c9.997-9.997 26.207-9.997 36.204 0l36.203 36.204c9.997 9.997 9.997 26.206 0 36.204l-294.4 294.401c-9.998 9.997-26.207 9.997-36.204-.001z\"><\/path><\/svg>\t\t\t\t\t\t<\/span>\n\t\t\t\t\t\t\t\t\t\t<span class=\"elementor-icon-list-text\">Trabajo en equipo<\/span>\n\t\t\t\t\t\t\t\t\t<\/li>\n\t\t\t\t\t\t<\/ul>\n\t\t\t\t<\/div>\n\t\t\t\t<\/div>\n\t\t\t\t<div class=\"elementor-element elementor-element-196d5c53 elementor-align-center elementor-invisible elementor-widget elementor-widget-button\" data-id=\"196d5c53\" data-element_type=\"widget\" data-settings=\"{&quot;_animation&quot;:&quot;fadeInUp&quot;,&quot;_animation_delay&quot;:300}\" data-widget_type=\"button.default\">\n\t\t\t\t<div class=\"elementor-widget-container\">\n\t\t\t\t\t<div class=\"elementor-button-wrapper\">\n\t\t\t<a class=\"elementor-button elementor-button-link elementor-size-sm\" href=\"https:\/\/whoduniter.com\/es\/contacto\/\">\n\t\t\t\t\t\t<span class=\"elementor-button-content-wrapper\">\n\t\t\t\t\t\t\t\t\t<span class=\"elementor-button-text\">Cont\u00e1ctanos<\/span>\n\t\t\t\t\t<\/span>\n\t\t\t\t\t<\/a>\n\t\t<\/div>\n\t\t\t\t<\/div>\n\t\t\t\t<\/div>\n\t\t\t\t\t<\/div>\n\t\t<\/div>\n\t\t\t\t\t<\/div>\n\t\t<\/section>\n\t\t\t\t<\/div>\n\t\t","protected":false},"excerpt":{"rendered":"<p>FORMACI\u00d3N ONLINE DE SOFT SKILLS Tambi\u00e9n ofrecemos dos juegos de misterio creados espec\u00edficamente para desarrollar las competencias de LIDERAZGO y PENSAMIENTO ESTRAT\u00c9GICO. Nuestros whodunits presentan escenarios situacionales en los que los participantes pueden mejorar sus competencias transversales a trav\u00e9s de un serious game dise\u00f1ado como una historia de detectives interactiva. El juego incorpora varios argumentos [&hellip;]<\/p>\n","protected":false},"author":1,"featured_media":0,"parent":0,"menu_order":0,"comment_status":"closed","ping_status":"closed","template":"","meta":{"inline_featured_image":false,"site-sidebar-layout":"no-sidebar","site-content-layout":"page-builder","ast-site-content-layout":"","site-content-style":"default","site-sidebar-style":"default","ast-global-header-display":"","ast-banner-title-visibility":"","ast-main-header-display":"","ast-hfb-above-header-display":"","ast-hfb-below-header-display":"","ast-hfb-mobile-header-display":"","site-post-title":"disabled","ast-breadcrumbs-content":"","ast-featured-img":"disabled","footer-sml-layout":"","theme-transparent-header-meta":"default","adv-header-id-meta":"","stick-header-meta":"","header-above-stick-meta":"","header-main-stick-meta":"","header-below-stick-meta":"","astra-migrate-meta-layouts":"default","ast-page-background-enabled":"default","ast-page-background-meta":{"desktop":{"background-color":"var(--ast-global-color-4)","background-image":"","background-repeat":"repeat","background-position":"center center","background-size":"auto","background-attachment":"scroll","background-type":"","background-media":"","overlay-type":"","overlay-color":"","overlay-opacity":"","overlay-gradient":""},"tablet":{"background-color":"","background-image":"","background-repeat":"repeat","background-position":"center center","background-size":"auto","background-attachment":"scroll","background-type":"","background-media":"","overlay-type":"","overlay-color":"","overlay-opacity":"","overlay-gradient":""},"mobile":{"background-color":"","background-image":"","background-repeat":"repeat","background-position":"center center","background-size":"auto","background-attachment":"scroll","background-type":"","background-media":"","overlay-type":"","overlay-color":"","overlay-opacity":"","overlay-gradient":""}},"ast-content-background-meta":{"desktop":{"background-color":"var(--ast-global-color-5)","background-image":"","background-repeat":"repeat","background-position":"center center","background-size":"auto","background-attachment":"scroll","background-type":"","background-media":"","overlay-type":"","overlay-color":"","overlay-opacity":"","overlay-gradient":""},"tablet":{"background-color":"var(--ast-global-color-5)","background-image":"","background-repeat":"repeat","background-position":"center center","background-size":"auto","background-attachment":"scroll","background-type":"","background-media":"","overlay-type":"","overlay-color":"","overlay-opacity":"","overlay-gradient":""},"mobile":{"background-color":"var(--ast-global-color-5)","background-image":"","background-repeat":"repeat","background-position":"center center","background-size":"auto","background-attachment":"scroll","background-type":"","background-media":"","overlay-type":"","overlay-color":"","overlay-opacity":"","overlay-gradient":""}},"footnotes":""},"class_list":["post-1370","page","type-page","status-publish","hentry"],"yoast_head":"<!-- This site is optimized with the Yoast SEO plugin v23.1 - https:\/\/yoast.com\/wordpress\/plugins\/seo\/ -->\n<title>Formaci\u00f3n online de Soft Skills - Whoduniter<\/title>\n<meta name=\"description\" content=\"Ofrecemos actividades de formaci\u00f3n en equipo dise\u00f1adas exclusivamente con un m\u00e9todo de ense\u00f1anza para el aprendizaje activo.\" \/>\n<meta name=\"robots\" content=\"index, follow, max-snippet:-1, max-image-preview:large, max-video-preview:-1\" \/>\n<link rel=\"canonical\" href=\"https:\/\/whoduniter.com\/soft-skills-online-training\/\" \/>\n<meta property=\"og:locale\" content=\"es_ES\" \/>\n<meta property=\"og:type\" content=\"article\" \/>\n<meta property=\"og:title\" content=\"Formaci\u00f3n online de Soft Skills - Whoduniter\" \/>\n<meta property=\"og:description\" content=\"Ofrecemos actividades de formaci\u00f3n en equipo dise\u00f1adas exclusivamente con un m\u00e9todo de ense\u00f1anza para el aprendizaje activo.\" \/>\n<meta property=\"og:url\" content=\"https:\/\/whoduniter.com\/soft-skills-online-training\/\" \/>\n<meta property=\"og:site_name\" content=\"Whoduniter\" \/>\n<meta property=\"article:modified_time\" content=\"2024-09-26T13:11:51+00:00\" \/>\n<meta property=\"og:image\" content=\"https:\/\/whoduniter.com\/wp-content\/uploads\/soft-skills-online-training-3.jpg\" \/>\n<meta name=\"twitter:card\" content=\"summary_large_image\" \/>\n<meta name=\"twitter:label1\" content=\"Tiempo de lectura\" \/>\n\t<meta name=\"twitter:data1\" content=\"1 minuto\" \/>\n<script type=\"application\/ld+json\" class=\"yoast-schema-graph\">{\"@context\":\"https:\/\/schema.org\",\"@graph\":[{\"@type\":\"WebPage\",\"@id\":\"https:\/\/whoduniter.com\/soft-skills-online-training\/\",\"url\":\"https:\/\/whoduniter.com\/soft-skills-online-training\/\",\"name\":\"Formaci\u00f3n online de Soft Skills - Whoduniter\",\"isPartOf\":{\"@id\":\"https:\/\/whoduniter.com\/#website\"},\"primaryImageOfPage\":{\"@id\":\"https:\/\/whoduniter.com\/soft-skills-online-training\/#primaryimage\"},\"image\":{\"@id\":\"https:\/\/whoduniter.com\/soft-skills-online-training\/#primaryimage\"},\"thumbnailUrl\":\"https:\/\/whoduniter.com\/wp-content\/uploads\/soft-skills-online-training-3.jpg\",\"datePublished\":\"2021-08-27T13:51:06+00:00\",\"dateModified\":\"2024-09-26T13:11:51+00:00\",\"description\":\"Ofrecemos actividades de formaci\u00f3n en equipo dise\u00f1adas exclusivamente con un m\u00e9todo de ense\u00f1anza para el aprendizaje activo.\",\"breadcrumb\":{\"@id\":\"https:\/\/whoduniter.com\/soft-skills-online-training\/#breadcrumb\"},\"inLanguage\":\"es\",\"potentialAction\":[{\"@type\":\"ReadAction\",\"target\":[\"https:\/\/whoduniter.com\/soft-skills-online-training\/\"]}]},{\"@type\":\"ImageObject\",\"inLanguage\":\"es\",\"@id\":\"https:\/\/whoduniter.com\/soft-skills-online-training\/#primaryimage\",\"url\":\"https:\/\/whoduniter.com\/wp-content\/uploads\/soft-skills-online-training-3.jpg\",\"contentUrl\":\"https:\/\/whoduniter.com\/wp-content\/uploads\/soft-skills-online-training-3.jpg\"},{\"@type\":\"BreadcrumbList\",\"@id\":\"https:\/\/whoduniter.com\/soft-skills-online-training\/#breadcrumb\",\"itemListElement\":[{\"@type\":\"ListItem\",\"position\":1,\"name\":\"Home\",\"item\":\"https:\/\/whoduniter.com\/\"},{\"@type\":\"ListItem\",\"position\":2,\"name\":\"Formaci\u00f3n online de Soft Skills\"}]},{\"@type\":\"WebSite\",\"@id\":\"https:\/\/whoduniter.com\/#website\",\"url\":\"https:\/\/whoduniter.com\/\",\"name\":\"Whoduniter\",\"description\":\"Corporate Mystery Experiences\",\"potentialAction\":[{\"@type\":\"SearchAction\",\"target\":{\"@type\":\"EntryPoint\",\"urlTemplate\":\"https:\/\/whoduniter.com\/?s={search_term_string}\"},\"query-input\":\"required name=search_term_string\"}],\"inLanguage\":\"es\"}]}<\/script>\n<!-- \/ Yoast SEO plugin. -->","yoast_head_json":{"title":"Formaci\u00f3n online de Soft Skills - Whoduniter","description":"Ofrecemos actividades de formaci\u00f3n en equipo dise\u00f1adas exclusivamente con un m\u00e9todo de ense\u00f1anza para el aprendizaje activo.","robots":{"index":"index","follow":"follow","max-snippet":"max-snippet:-1","max-image-preview":"max-image-preview:large","max-video-preview":"max-video-preview:-1"},"canonical":"https:\/\/whoduniter.com\/soft-skills-online-training\/","og_locale":"es_ES","og_type":"article","og_title":"Formaci\u00f3n online de Soft Skills - Whoduniter","og_description":"Ofrecemos actividades de formaci\u00f3n en equipo dise\u00f1adas exclusivamente con un m\u00e9todo de ense\u00f1anza para el aprendizaje activo.","og_url":"https:\/\/whoduniter.com\/soft-skills-online-training\/","og_site_name":"Whoduniter","article_modified_time":"2024-09-26T13:11:51+00:00","og_image":[{"url":"https:\/\/whoduniter.com\/wp-content\/uploads\/soft-skills-online-training-3.jpg"}],"twitter_card":"summary_large_image","twitter_misc":{"Tiempo de lectura":"1 minuto"},"schema":{"@context":"https:\/\/schema.org","@graph":[{"@type":"WebPage","@id":"https:\/\/whoduniter.com\/soft-skills-online-training\/","url":"https:\/\/whoduniter.com\/soft-skills-online-training\/","name":"Formaci\u00f3n online de Soft Skills - Whoduniter","isPartOf":{"@id":"https:\/\/whoduniter.com\/#website"},"primaryImageOfPage":{"@id":"https:\/\/whoduniter.com\/soft-skills-online-training\/#primaryimage"},"image":{"@id":"https:\/\/whoduniter.com\/soft-skills-online-training\/#primaryimage"},"thumbnailUrl":"https:\/\/whoduniter.com\/wp-content\/uploads\/soft-skills-online-training-3.jpg","datePublished":"2021-08-27T13:51:06+00:00","dateModified":"2024-09-26T13:11:51+00:00","description":"Ofrecemos actividades de formaci\u00f3n en equipo dise\u00f1adas exclusivamente con un m\u00e9todo de ense\u00f1anza para el aprendizaje activo.","breadcrumb":{"@id":"https:\/\/whoduniter.com\/soft-skills-online-training\/#breadcrumb"},"inLanguage":"es","potentialAction":[{"@type":"ReadAction","target":["https:\/\/whoduniter.com\/soft-skills-online-training\/"]}]},{"@type":"ImageObject","inLanguage":"es","@id":"https:\/\/whoduniter.com\/soft-skills-online-training\/#primaryimage","url":"https:\/\/whoduniter.com\/wp-content\/uploads\/soft-skills-online-training-3.jpg","contentUrl":"https:\/\/whoduniter.com\/wp-content\/uploads\/soft-skills-online-training-3.jpg"},{"@type":"BreadcrumbList","@id":"https:\/\/whoduniter.com\/soft-skills-online-training\/#breadcrumb","itemListElement":[{"@type":"ListItem","position":1,"name":"Home","item":"https:\/\/whoduniter.com\/"},{"@type":"ListItem","position":2,"name":"Formaci\u00f3n online de Soft Skills"}]},{"@type":"WebSite","@id":"https:\/\/whoduniter.com\/#website","url":"https:\/\/whoduniter.com\/","name":"Whoduniter","description":"Corporate Mystery Experiences","potentialAction":[{"@type":"SearchAction","target":{"@type":"EntryPoint","urlTemplate":"https:\/\/whoduniter.com\/?s={search_term_string}"},"query-input":"required name=search_term_string"}],"inLanguage":"es"}]}},"_links":{"self":[{"href":"https:\/\/whoduniter.com\/es\/wp-json\/wp\/v2\/pages\/1370","targetHints":{"allow":["GET"]}}],"collection":[{"href":"https:\/\/whoduniter.com\/es\/wp-json\/wp\/v2\/pages"}],"about":[{"href":"https:\/\/whoduniter.com\/es\/wp-json\/wp\/v2\/types\/page"}],"author":[{"embeddable":true,"href":"https:\/\/whoduniter.com\/es\/wp-json\/wp\/v2\/users\/1"}],"replies":[{"embeddable":true,"href":"https:\/\/whoduniter.com\/es\/wp-json\/wp\/v2\/comments?post=1370"}],"version-history":[{"count":22,"href":"https:\/\/whoduniter.com\/es\/wp-json\/wp\/v2\/pages\/1370\/revisions"}],"predecessor-version":[{"id":4312,"href":"https:\/\/whoduniter.com\/es\/wp-json\/wp\/v2\/pages\/1370\/revisions\/4312"}],"wp:attachment":[{"href":"https:\/\/whoduniter.com\/es\/wp-json\/wp\/v2\/media?parent=1370"}],"curies":[{"name":"wp","href":"https:\/\/api.w.org\/{rel}","templated":true}]}}