{"id":1381,"date":"2021-08-27T15:52:03","date_gmt":"2021-08-27T13:52:03","guid":{"rendered":"https:\/\/whoduniter.com\/team-building-virtual\/"},"modified":"2024-09-26T15:33:20","modified_gmt":"2024-09-26T13:33:20","slug":"teambuildings","status":"publish","type":"page","link":"https:\/\/whoduniter.com\/es\/teambuildings\/","title":{"rendered":"Teambuildings"},"content":{"rendered":"\t\t<div data-elementor-type=\"wp-page\" data-elementor-id=\"1381\" class=\"elementor elementor-1381 elementor-816\" data-elementor-post-type=\"page\">\n\t\t\t\t\t\t<section class=\"elementor-section elementor-top-section elementor-element elementor-element-2abb87aa elementor-section-full_width elementor-section-height-min-height elementor-section-height-default elementor-section-items-middle\" data-id=\"2abb87aa\" data-element_type=\"section\" data-settings=\"{&quot;background_background&quot;:&quot;classic&quot;}\">\n\t\t\t\t\t\t\t<div class=\"elementor-background-overlay\"><\/div>\n\t\t\t\t\t\t\t<div class=\"elementor-container elementor-column-gap-wide\">\n\t\t\t\t\t<div class=\"elementor-column elementor-col-100 elementor-top-column elementor-element elementor-element-25c02db7\" data-id=\"25c02db7\" data-element_type=\"column\">\n\t\t\t<div class=\"elementor-widget-wrap elementor-element-populated\">\n\t\t\t\t\t\t<div class=\"elementor-element elementor-element-1181760e elementor-align-center elementor-icon-list--layout-traditional elementor-list-item-link-full_width elementor-widget elementor-widget-icon-list\" data-id=\"1181760e\" data-element_type=\"widget\" data-widget_type=\"icon-list.default\">\n\t\t\t\t<div class=\"elementor-widget-container\">\n\t\t\t<link rel=\"stylesheet\" href=\"https:\/\/whoduniter.com\/wp-content\/plugins\/elementor\/assets\/css\/widget-icon-list.min.css\">\t\t<ul class=\"elementor-icon-list-items\">\n\t\t\t\t\t\t\t<li class=\"elementor-icon-list-item\">\n\t\t\t\t\t\t\t\t\t\t\t<span class=\"elementor-icon-list-icon\">\n\t\t\t\t\t\t\t<svg xmlns=\"http:\/\/www.w3.org\/2000\/svg\" xmlns:xlink=\"http:\/\/www.w3.org\/1999\/xlink\" id=\"Capa_1\" x=\"0px\" y=\"0px\" viewBox=\"0 0 12.5 25\" style=\"enable-background:new 0 0 12.5 25;\" xml:space=\"preserve\"><g>\t<path d=\"M6.3,25L6.3,25c-0.6,0-1-0.4-1-1V8.1h2V24C7.3,24.5,6.8,25,6.3,25z\"><\/path>\t<polygon points=\"10.2,22 10.2,20.9 8.9,20.9 8.9,20.4 9.3,20.4 9.3,19.5 7.3,19.5 7.3,23.3 11.2,23.3 11.2,22  \"><\/polygon>\t<path d=\"M9.4,3.9c0.1-0.2,0.1-0.5,0.1-0.7C9.5,1.4,8,0,6.3,0C4.5,0,3.1,1.4,3.1,3.2c0,0.2,0,0.5,0.1,0.7C1.4,4,0,5.4,0,7.1   c0,1.8,1.4,3.2,3.2,3.2c1.4,0,2.6-0.9,3.1-2.2c0.4,1.3,1.6,2.2,3.1,2.2c1.8,0,3.2-1.4,3.2-3.2C12.5,5.4,11.1,4,9.4,3.9z M3.6,8.9   c-0.9,0-1.7-0.8-1.7-1.7c0-0.9,0.8-1.7,1.7-1.7s1.7,0.8,1.7,1.7C5.3,8.1,4.6,8.9,3.6,8.9z M6.3,5C5.3,5,4.6,4.3,4.6,3.4   s0.8-1.7,1.7-1.7S8,2.4,8,3.4S7.2,5,6.3,5z M8.9,8.9C8,8.9,7.2,8.1,7.2,7.2c0-0.9,0.8-1.7,1.7-1.7c0.9,0,1.7,0.8,1.7,1.7   C10.6,8.1,9.8,8.9,8.9,8.9z\"><\/path><\/g><\/svg>\t\t\t\t\t\t<\/span>\n\t\t\t\t\t\t\t\t\t\t<span class=\"elementor-icon-list-text\">TEAM BUILDINGS<\/span>\n\t\t\t\t\t\t\t\t\t<\/li>\n\t\t\t\t\t\t<\/ul>\n\t\t\t\t<\/div>\n\t\t\t\t<\/div>\n\t\t\t\t\t<\/div>\n\t\t<\/div>\n\t\t\t\t\t<\/div>\n\t\t<\/section>\n\t\t\t\t<section class=\"elementor-section elementor-top-section elementor-element elementor-element-2b5bb83c elementor-section-height-min-height elementor-section-boxed elementor-section-height-default elementor-section-items-middle\" data-id=\"2b5bb83c\" data-element_type=\"section\" data-settings=\"{&quot;background_background&quot;:&quot;classic&quot;}\">\n\t\t\t\t\t\t\t<div class=\"elementor-background-overlay\"><\/div>\n\t\t\t\t\t\t\t<div class=\"elementor-container elementor-column-gap-no\">\n\t\t\t\t\t<div class=\"elementor-column elementor-col-100 elementor-top-column elementor-element elementor-element-56610930\" data-id=\"56610930\" data-element_type=\"column\">\n\t\t\t<div class=\"elementor-widget-wrap elementor-element-populated\">\n\t\t\t\t\t\t<div class=\"elementor-element elementor-element-1c928689 elementor-widget__width-initial elementor-invisible elementor-widget elementor-widget-heading\" data-id=\"1c928689\" data-element_type=\"widget\" data-settings=\"{&quot;_animation&quot;:&quot;fadeInLeft&quot;,&quot;_animation_delay&quot;:0}\" data-widget_type=\"heading.default\">\n\t\t\t\t<div class=\"elementor-widget-container\">\n\t\t\t<style>\/*! elementor - v3.23.0 - 23-07-2024 *\/\n.elementor-heading-title{padding:0;margin:0;line-height:1}.elementor-widget-heading .elementor-heading-title[class*=elementor-size-]>a{color:inherit;font-size:inherit;line-height:inherit}.elementor-widget-heading .elementor-heading-title.elementor-size-small{font-size:15px}.elementor-widget-heading .elementor-heading-title.elementor-size-medium{font-size:19px}.elementor-widget-heading .elementor-heading-title.elementor-size-large{font-size:29px}.elementor-widget-heading .elementor-heading-title.elementor-size-xl{font-size:39px}.elementor-widget-heading .elementor-heading-title.elementor-size-xxl{font-size:59px}<\/style><h1 class=\"elementor-heading-title elementor-size-default\">Un Whodunit es una actividad perfecta para fomentar el esp\u00edritu de equipo, con los compa\u00f1eros de trabajo resolviendo diferentes misterios mientras trabajan juntos y confiando en el criterio de los dem\u00e1s. Tambi\u00e9n es ideal porque se dirige a un amplio abanico de personas y tiene algo para que disfruten y desarrollen sus habilidades interpersonales.\n<br>Nuestros juegos de misterio estimulan el trabajo en equipo y el compromiso de los empleados, uniendo a los equipos remotos y creado felicidad en el entorno laboral.\n<\/h1>\t\t<\/div>\n\t\t\t\t<\/div>\n\t\t\t\t<div class=\"elementor-element elementor-element-2a33d149 elementor-widget elementor-widget-image\" data-id=\"2a33d149\" data-element_type=\"widget\" data-widget_type=\"image.default\">\n\t\t\t\t<div class=\"elementor-widget-container\">\n\t\t\t<style>\/*! elementor - v3.23.0 - 23-07-2024 *\/\n.elementor-widget-image{text-align:center}.elementor-widget-image a{display:inline-block}.elementor-widget-image a img[src$=\".svg\"]{width:48px}.elementor-widget-image img{vertical-align:middle;display:inline-block}<\/style>\t\t\t\t\t\t\t\t\t\t<img fetchpriority=\"high\" decoding=\"async\" width=\"1536\" height=\"1187\" src=\"https:\/\/whoduniter.com\/wp-content\/uploads\/Insta_1-1536x1187.jpg\" class=\"attachment-1536x1536 size-1536x1536 wp-image-3906\" alt=\"\" srcset=\"https:\/\/whoduniter.com\/wp-content\/uploads\/Insta_1-1536x1187.jpg 1536w, https:\/\/whoduniter.com\/wp-content\/uploads\/Insta_1-300x232.jpg 300w, https:\/\/whoduniter.com\/wp-content\/uploads\/Insta_1-1024x791.jpg 1024w, https:\/\/whoduniter.com\/wp-content\/uploads\/Insta_1-768x593.jpg 768w, https:\/\/whoduniter.com\/wp-content\/uploads\/Insta_1-2048x1582.jpg 2048w\" sizes=\"(max-width: 1536px) 100vw, 1536px\" \/>\t\t\t\t\t\t\t\t\t\t\t\t\t<\/div>\n\t\t\t\t<\/div>\n\t\t\t\t<div class=\"elementor-element elementor-element-70fa2081 animated-fast elementor-align-left elementor-icon-list--layout-traditional elementor-list-item-link-full_width elementor-widget elementor-widget-icon-list\" data-id=\"70fa2081\" data-element_type=\"widget\" data-settings=\"{&quot;_animation&quot;:&quot;none&quot;,&quot;_animation_delay&quot;:0}\" data-widget_type=\"icon-list.default\">\n\t\t\t\t<div class=\"elementor-widget-container\">\n\t\t\t\t\t<ul class=\"elementor-icon-list-items\">\n\t\t\t\t\t\t\t<li class=\"elementor-icon-list-item\">\n\t\t\t\t\t\t\t\t\t\t\t<span class=\"elementor-icon-list-icon\">\n\t\t\t\t\t\t\t<svg aria-hidden=\"true\" class=\"e-font-icon-svg e-fas-film\" viewBox=\"0 0 512 512\" xmlns=\"http:\/\/www.w3.org\/2000\/svg\"><path d=\"M488 64h-8v20c0 6.6-5.4 12-12 12h-40c-6.6 0-12-5.4-12-12V64H96v20c0 6.6-5.4 12-12 12H44c-6.6 0-12-5.4-12-12V64h-8C10.7 64 0 74.7 0 88v336c0 13.3 10.7 24 24 24h8v-20c0-6.6 5.4-12 12-12h40c6.6 0 12 5.4 12 12v20h320v-20c0-6.6 5.4-12 12-12h40c6.6 0 12 5.4 12 12v20h8c13.3 0 24-10.7 24-24V88c0-13.3-10.7-24-24-24zM96 372c0 6.6-5.4 12-12 12H44c-6.6 0-12-5.4-12-12v-40c0-6.6 5.4-12 12-12h40c6.6 0 12 5.4 12 12v40zm0-96c0 6.6-5.4 12-12 12H44c-6.6 0-12-5.4-12-12v-40c0-6.6 5.4-12 12-12h40c6.6 0 12 5.4 12 12v40zm0-96c0 6.6-5.4 12-12 12H44c-6.6 0-12-5.4-12-12v-40c0-6.6 5.4-12 12-12h40c6.6 0 12 5.4 12 12v40zm272 208c0 6.6-5.4 12-12 12H156c-6.6 0-12-5.4-12-12v-96c0-6.6 5.4-12 12-12h200c6.6 0 12 5.4 12 12v96zm0-168c0 6.6-5.4 12-12 12H156c-6.6 0-12-5.4-12-12v-96c0-6.6 5.4-12 12-12h200c6.6 0 12 5.4 12 12v96zm112 152c0 6.6-5.4 12-12 12h-40c-6.6 0-12-5.4-12-12v-40c0-6.6 5.4-12 12-12h40c6.6 0 12 5.4 12 12v40zm0-96c0 6.6-5.4 12-12 12h-40c-6.6 0-12-5.4-12-12v-40c0-6.6 5.4-12 12-12h40c6.6 0 12 5.4 12 12v40zm0-96c0 6.6-5.4 12-12 12h-40c-6.6 0-12-5.4-12-12v-40c0-6.6 5.4-12 12-12h40c6.6 0 12 5.4 12 12v40z\"><\/path><\/svg>\t\t\t\t\t\t<\/span>\n\t\t\t\t\t\t\t\t\t\t<span class=\"elementor-icon-list-text\">En Berlin, Potsdam y Barcelona.<\/span>\n\t\t\t\t\t\t\t\t\t<\/li>\n\t\t\t\t\t\t\t\t<li class=\"elementor-icon-list-item\">\n\t\t\t\t\t\t\t\t\t\t\t<span class=\"elementor-icon-list-icon\">\n\t\t\t\t\t\t\t<svg aria-hidden=\"true\" class=\"e-font-icon-svg e-fas-laptop\" viewBox=\"0 0 640 512\" xmlns=\"http:\/\/www.w3.org\/2000\/svg\"><path d=\"M624 416H381.54c-.74 19.81-14.71 32-32.74 32H288c-18.69 0-33.02-17.47-32.77-32H16c-8.8 0-16 7.2-16 16v16c0 35.2 28.8 64 64 64h512c35.2 0 64-28.8 64-64v-16c0-8.8-7.2-16-16-16zM576 48c0-26.4-21.6-48-48-48H112C85.6 0 64 21.6 64 48v336h512V48zm-64 272H128V64h384v256z\"><\/path><\/svg>\t\t\t\t\t\t<\/span>\n\t\t\t\t\t\t\t\t\t\t<span class=\"elementor-icon-list-text\">Online. En plataformas con breakout rooms.<\/span>\n\t\t\t\t\t\t\t\t\t<\/li>\n\t\t\t\t\t\t\t\t<li class=\"elementor-icon-list-item\">\n\t\t\t\t\t\t\t\t\t\t\t<span class=\"elementor-icon-list-icon\">\n\t\t\t\t\t\t\t<svg aria-hidden=\"true\" class=\"e-font-icon-svg e-fas-vr-cardboard\" viewBox=\"0 0 640 512\" xmlns=\"http:\/\/www.w3.org\/2000\/svg\"><path d=\"M608 64H32C14.33 64 0 78.33 0 96v320c0 17.67 14.33 32 32 32h160.22c25.19 0 48.03-14.77 58.36-37.74l27.74-61.64C286.21 331.08 302.35 320 320 320s33.79 11.08 41.68 28.62l27.74 61.64C399.75 433.23 422.6 448 447.78 448H608c17.67 0 32-14.33 32-32V96c0-17.67-14.33-32-32-32zM160 304c-35.35 0-64-28.65-64-64s28.65-64 64-64 64 28.65 64 64-28.65 64-64 64zm320 0c-35.35 0-64-28.65-64-64s28.65-64 64-64 64 28.65 64 64-28.65 64-64 64z\"><\/path><\/svg>\t\t\t\t\t\t<\/span>\n\t\t\t\t\t\t\t\t\t\t<span class=\"elementor-icon-list-text\">En el Metaverso. <\/span>\n\t\t\t\t\t\t\t\t\t<\/li>\n\t\t\t\t\t\t<\/ul>\n\t\t\t\t<\/div>\n\t\t\t\t<\/div>\n\t\t\t\t<div class=\"elementor-element elementor-element-211e7a73 elementor-align-center elementor-invisible elementor-widget elementor-widget-button\" data-id=\"211e7a73\" data-element_type=\"widget\" data-settings=\"{&quot;_animation&quot;:&quot;fadeInUp&quot;,&quot;_animation_delay&quot;:300}\" data-widget_type=\"button.default\">\n\t\t\t\t<div class=\"elementor-widget-container\">\n\t\t\t\t\t<div class=\"elementor-button-wrapper\">\n\t\t\t<a class=\"elementor-button elementor-button-link elementor-size-sm\" href=\"https:\/\/whoduniter.com\/es\/contacto\/\">\n\t\t\t\t\t\t<span class=\"elementor-button-content-wrapper\">\n\t\t\t\t\t\t\t\t\t<span class=\"elementor-button-text\">Cont\u00e1ctanos<\/span>\n\t\t\t\t\t<\/span>\n\t\t\t\t\t<\/a>\n\t\t<\/div>\n\t\t\t\t<\/div>\n\t\t\t\t<\/div>\n\t\t\t\t\t<\/div>\n\t\t<\/div>\n\t\t\t\t\t<\/div>\n\t\t<\/section>\n\t\t<div class=\"elementor-element elementor-element-2898e6a7 e-con-full e-flex e-con e-parent\" data-id=\"2898e6a7\" data-element_type=\"container\">\n\t\t\t\t<\/div>\n\t\t\t\t<\/div>\n\t\t","protected":false},"excerpt":{"rendered":"<p>TEAM BUILDINGS Un Whodunit es una actividad perfecta para fomentar el esp\u00edritu de equipo, con los compa\u00f1eros de trabajo resolviendo diferentes misterios mientras trabajan juntos y confiando en el criterio de los dem\u00e1s. Tambi\u00e9n es ideal porque se dirige a un amplio abanico de personas y tiene algo para que disfruten y desarrollen sus habilidades [&hellip;]<\/p>\n","protected":false},"author":2,"featured_media":0,"parent":0,"menu_order":0,"comment_status":"closed","ping_status":"closed","template":"","meta":{"inline_featured_image":false,"site-sidebar-layout":"no-sidebar","site-content-layout":"page-builder","ast-site-content-layout":"","site-content-style":"default","site-sidebar-style":"default","ast-global-header-display":"","ast-banner-title-visibility":"","ast-main-header-display":"","ast-hfb-above-header-display":"","ast-hfb-below-header-display":"","ast-hfb-mobile-header-display":"","site-post-title":"disabled","ast-breadcrumbs-content":"","ast-featured-img":"disabled","footer-sml-layout":"","theme-transparent-header-meta":"default","adv-header-id-meta":"","stick-header-meta":"","header-above-stick-meta":"","header-main-stick-meta":"","header-below-stick-meta":"","astra-migrate-meta-layouts":"default","ast-page-background-enabled":"default","ast-page-background-meta":{"desktop":{"background-color":"var(--ast-global-color-4)","background-image":"","background-repeat":"repeat","background-position":"center center","background-size":"auto","background-attachment":"scroll","background-type":"","background-media":"","overlay-type":"","overlay-color":"","overlay-opacity":"","overlay-gradient":""},"tablet":{"background-color":"","background-image":"","background-repeat":"repeat","background-position":"center center","background-size":"auto","background-attachment":"scroll","background-type":"","background-media":"","overlay-type":"","overlay-color":"","overlay-opacity":"","overlay-gradient":""},"mobile":{"background-color":"","background-image":"","background-repeat":"repeat","background-position":"center center","background-size":"auto","background-attachment":"scroll","background-type":"","background-media":"","overlay-type":"","overlay-color":"","overlay-opacity":"","overlay-gradient":""}},"ast-content-background-meta":{"desktop":{"background-color":"var(--ast-global-color-5)","background-image":"","background-repeat":"repeat","background-position":"center center","background-size":"auto","background-attachment":"scroll","background-type":"","background-media":"","overlay-type":"","overlay-color":"","overlay-opacity":"","overlay-gradient":""},"tablet":{"background-color":"var(--ast-global-color-5)","background-image":"","background-repeat":"repeat","background-position":"center center","background-size":"auto","background-attachment":"scroll","background-type":"","background-media":"","overlay-type":"","overlay-color":"","overlay-opacity":"","overlay-gradient":""},"mobile":{"background-color":"var(--ast-global-color-5)","background-image":"","background-repeat":"repeat","background-position":"center center","background-size":"auto","background-attachment":"scroll","background-type":"","background-media":"","overlay-type":"","overlay-color":"","overlay-opacity":"","overlay-gradient":""}},"footnotes":""},"class_list":["post-1381","page","type-page","status-publish","hentry"],"yoast_head":"<!-- This site is optimized with the Yoast SEO plugin v23.1 - https:\/\/yoast.com\/wordpress\/plugins\/seo\/ -->\n<title>Teambuildings - Whoduniter<\/title>\n<meta name=\"description\" content=\"Un Whodunit es una actividad perfecta para fomentar el trabajo en equipo, con las personas resolviendo diferentes misterios al tiempo que se crean alianzas para lograr unos objetivos.\" \/>\n<meta name=\"robots\" content=\"index, follow, max-snippet:-1, max-image-preview:large, max-video-preview:-1\" \/>\n<link rel=\"canonical\" href=\"https:\/\/whoduniter.com\/teambuilding\/\" \/>\n<meta property=\"og:locale\" content=\"es_ES\" \/>\n<meta property=\"og:type\" content=\"article\" \/>\n<meta property=\"og:title\" content=\"Teambuildings - Whoduniter\" \/>\n<meta property=\"og:description\" content=\"Un Whodunit es una actividad perfecta para fomentar el trabajo en equipo, con las personas resolviendo diferentes misterios al tiempo que se crean alianzas para lograr unos objetivos.\" \/>\n<meta property=\"og:url\" content=\"https:\/\/whoduniter.com\/teambuilding\/\" \/>\n<meta property=\"og:site_name\" content=\"Whoduniter\" \/>\n<meta property=\"article:modified_time\" content=\"2024-09-26T13:33:20+00:00\" \/>\n<meta property=\"og:image\" content=\"https:\/\/whoduniter.com\/wp-content\/uploads\/Insta_1-1536x1187.jpg\" \/>\n<meta name=\"twitter:card\" content=\"summary_large_image\" \/>\n<meta name=\"twitter:label1\" content=\"Tiempo de lectura\" \/>\n\t<meta name=\"twitter:data1\" content=\"1 minuto\" \/>\n<script type=\"application\/ld+json\" class=\"yoast-schema-graph\">{\"@context\":\"https:\/\/schema.org\",\"@graph\":[{\"@type\":\"WebPage\",\"@id\":\"https:\/\/whoduniter.com\/teambuilding\/\",\"url\":\"https:\/\/whoduniter.com\/teambuilding\/\",\"name\":\"Teambuildings - Whoduniter\",\"isPartOf\":{\"@id\":\"https:\/\/whoduniter.com\/#website\"},\"primaryImageOfPage\":{\"@id\":\"https:\/\/whoduniter.com\/teambuilding\/#primaryimage\"},\"image\":{\"@id\":\"https:\/\/whoduniter.com\/teambuilding\/#primaryimage\"},\"thumbnailUrl\":\"https:\/\/whoduniter.com\/wp-content\/uploads\/Insta_1-1536x1187.jpg\",\"datePublished\":\"2021-08-27T13:52:03+00:00\",\"dateModified\":\"2024-09-26T13:33:20+00:00\",\"description\":\"Un Whodunit es una actividad perfecta para fomentar el trabajo en equipo, con las personas resolviendo diferentes misterios al tiempo que se crean alianzas para lograr unos objetivos.\",\"breadcrumb\":{\"@id\":\"https:\/\/whoduniter.com\/teambuilding\/#breadcrumb\"},\"inLanguage\":\"es\",\"potentialAction\":[{\"@type\":\"ReadAction\",\"target\":[\"https:\/\/whoduniter.com\/teambuilding\/\"]}]},{\"@type\":\"ImageObject\",\"inLanguage\":\"es\",\"@id\":\"https:\/\/whoduniter.com\/teambuilding\/#primaryimage\",\"url\":\"https:\/\/whoduniter.com\/wp-content\/uploads\/Insta_1-1536x1187.jpg\",\"contentUrl\":\"https:\/\/whoduniter.com\/wp-content\/uploads\/Insta_1-1536x1187.jpg\"},{\"@type\":\"BreadcrumbList\",\"@id\":\"https:\/\/whoduniter.com\/teambuilding\/#breadcrumb\",\"itemListElement\":[{\"@type\":\"ListItem\",\"position\":1,\"name\":\"Home\",\"item\":\"https:\/\/whoduniter.com\/\"},{\"@type\":\"ListItem\",\"position\":2,\"name\":\"Teambuildings\"}]},{\"@type\":\"WebSite\",\"@id\":\"https:\/\/whoduniter.com\/#website\",\"url\":\"https:\/\/whoduniter.com\/\",\"name\":\"Whoduniter\",\"description\":\"Corporate Mystery Experiences\",\"potentialAction\":[{\"@type\":\"SearchAction\",\"target\":{\"@type\":\"EntryPoint\",\"urlTemplate\":\"https:\/\/whoduniter.com\/?s={search_term_string}\"},\"query-input\":\"required name=search_term_string\"}],\"inLanguage\":\"es\"}]}<\/script>\n<!-- \/ Yoast SEO plugin. -->","yoast_head_json":{"title":"Teambuildings - Whoduniter","description":"Un Whodunit es una actividad perfecta para fomentar el trabajo en equipo, con las personas resolviendo diferentes misterios al tiempo que se crean alianzas para lograr unos objetivos.","robots":{"index":"index","follow":"follow","max-snippet":"max-snippet:-1","max-image-preview":"max-image-preview:large","max-video-preview":"max-video-preview:-1"},"canonical":"https:\/\/whoduniter.com\/teambuilding\/","og_locale":"es_ES","og_type":"article","og_title":"Teambuildings - Whoduniter","og_description":"Un Whodunit es una actividad perfecta para fomentar el trabajo en equipo, con las personas resolviendo diferentes misterios al tiempo que se crean alianzas para lograr unos objetivos.","og_url":"https:\/\/whoduniter.com\/teambuilding\/","og_site_name":"Whoduniter","article_modified_time":"2024-09-26T13:33:20+00:00","og_image":[{"url":"https:\/\/whoduniter.com\/wp-content\/uploads\/Insta_1-1536x1187.jpg"}],"twitter_card":"summary_large_image","twitter_misc":{"Tiempo de lectura":"1 minuto"},"schema":{"@context":"https:\/\/schema.org","@graph":[{"@type":"WebPage","@id":"https:\/\/whoduniter.com\/teambuilding\/","url":"https:\/\/whoduniter.com\/teambuilding\/","name":"Teambuildings - Whoduniter","isPartOf":{"@id":"https:\/\/whoduniter.com\/#website"},"primaryImageOfPage":{"@id":"https:\/\/whoduniter.com\/teambuilding\/#primaryimage"},"image":{"@id":"https:\/\/whoduniter.com\/teambuilding\/#primaryimage"},"thumbnailUrl":"https:\/\/whoduniter.com\/wp-content\/uploads\/Insta_1-1536x1187.jpg","datePublished":"2021-08-27T13:52:03+00:00","dateModified":"2024-09-26T13:33:20+00:00","description":"Un Whodunit es una actividad perfecta para fomentar el trabajo en equipo, con las personas resolviendo diferentes misterios al tiempo que se crean alianzas para lograr unos objetivos.","breadcrumb":{"@id":"https:\/\/whoduniter.com\/teambuilding\/#breadcrumb"},"inLanguage":"es","potentialAction":[{"@type":"ReadAction","target":["https:\/\/whoduniter.com\/teambuilding\/"]}]},{"@type":"ImageObject","inLanguage":"es","@id":"https:\/\/whoduniter.com\/teambuilding\/#primaryimage","url":"https:\/\/whoduniter.com\/wp-content\/uploads\/Insta_1-1536x1187.jpg","contentUrl":"https:\/\/whoduniter.com\/wp-content\/uploads\/Insta_1-1536x1187.jpg"},{"@type":"BreadcrumbList","@id":"https:\/\/whoduniter.com\/teambuilding\/#breadcrumb","itemListElement":[{"@type":"ListItem","position":1,"name":"Home","item":"https:\/\/whoduniter.com\/"},{"@type":"ListItem","position":2,"name":"Teambuildings"}]},{"@type":"WebSite","@id":"https:\/\/whoduniter.com\/#website","url":"https:\/\/whoduniter.com\/","name":"Whoduniter","description":"Corporate Mystery Experiences","potentialAction":[{"@type":"SearchAction","target":{"@type":"EntryPoint","urlTemplate":"https:\/\/whoduniter.com\/?s={search_term_string}"},"query-input":"required name=search_term_string"}],"inLanguage":"es"}]}},"_links":{"self":[{"href":"https:\/\/whoduniter.com\/es\/wp-json\/wp\/v2\/pages\/1381","targetHints":{"allow":["GET"]}}],"collection":[{"href":"https:\/\/whoduniter.com\/es\/wp-json\/wp\/v2\/pages"}],"about":[{"href":"https:\/\/whoduniter.com\/es\/wp-json\/wp\/v2\/types\/page"}],"author":[{"embeddable":true,"href":"https:\/\/whoduniter.com\/es\/wp-json\/wp\/v2\/users\/2"}],"replies":[{"embeddable":true,"href":"https:\/\/whoduniter.com\/es\/wp-json\/wp\/v2\/comments?post=1381"}],"version-history":[{"count":29,"href":"https:\/\/whoduniter.com\/es\/wp-json\/wp\/v2\/pages\/1381\/revisions"}],"predecessor-version":[{"id":4319,"href":"https:\/\/whoduniter.com\/es\/wp-json\/wp\/v2\/pages\/1381\/revisions\/4319"}],"wp:attachment":[{"href":"https:\/\/whoduniter.com\/es\/wp-json\/wp\/v2\/media?parent=1381"}],"curies":[{"name":"wp","href":"https:\/\/api.w.org\/{rel}","templated":true}]}}