{"id":1392,"date":"2021-08-27T15:54:34","date_gmt":"2021-08-27T13:54:34","guid":{"rendered":"https:\/\/whoduniter.com\/que-es-un-whodunit\/"},"modified":"2025-09-04T09:51:26","modified_gmt":"2025-09-04T07:51:26","slug":"que-es-un-whodunit","status":"publish","type":"page","link":"https:\/\/whoduniter.com\/es\/que-es-un-whodunit\/","title":{"rendered":"\u00bfQu\u00e9 es un Whodunit?"},"content":{"rendered":"\t\t<div data-elementor-type=\"wp-page\" data-elementor-id=\"1392\" class=\"elementor elementor-1392 elementor-15\" data-elementor-post-type=\"page\">\n\t\t\t\t\t\t<section class=\"elementor-section elementor-top-section elementor-element elementor-element-766632af elementor-section-full_width elementor-section-height-min-height elementor-section-height-default elementor-section-items-middle\" data-id=\"766632af\" data-element_type=\"section\" data-settings=\"{&quot;background_background&quot;:&quot;classic&quot;}\">\n\t\t\t\t\t\t\t<div class=\"elementor-background-overlay\"><\/div>\n\t\t\t\t\t\t\t<div class=\"elementor-container elementor-column-gap-wide\">\n\t\t\t\t\t<div class=\"elementor-column elementor-col-100 elementor-top-column elementor-element elementor-element-42e861ce\" data-id=\"42e861ce\" data-element_type=\"column\">\n\t\t\t<div class=\"elementor-widget-wrap elementor-element-populated\">\n\t\t\t\t\t\t<div class=\"elementor-element elementor-element-4409a41 elementor-align-center elementor-icon-list--layout-traditional elementor-list-item-link-full_width elementor-widget elementor-widget-icon-list\" data-id=\"4409a41\" data-element_type=\"widget\" data-widget_type=\"icon-list.default\">\n\t\t\t\t<div class=\"elementor-widget-container\">\n\t\t\t<link rel=\"stylesheet\" href=\"https:\/\/whoduniter.com\/wp-content\/plugins\/elementor\/assets\/css\/widget-icon-list.min.css\">\t\t<ul class=\"elementor-icon-list-items\">\n\t\t\t\t\t\t\t<li class=\"elementor-icon-list-item\">\n\t\t\t\t\t\t\t\t\t\t\t<span class=\"elementor-icon-list-icon\">\n\t\t\t\t\t\t\t<svg xmlns=\"http:\/\/www.w3.org\/2000\/svg\" xmlns:xlink=\"http:\/\/www.w3.org\/1999\/xlink\" id=\"Capa_1\" x=\"0px\" y=\"0px\" viewBox=\"0 0 12.5 25\" style=\"enable-background:new 0 0 12.5 25;\" xml:space=\"preserve\"><g>\t<path d=\"M6.3,25L6.3,25c-0.6,0-1-0.4-1-1V8.1h2V24C7.3,24.5,6.8,25,6.3,25z\"><\/path>\t<polygon points=\"10.2,22 10.2,20.9 8.9,20.9 8.9,20.4 9.3,20.4 9.3,19.5 7.3,19.5 7.3,23.3 11.2,23.3 11.2,22  \"><\/polygon>\t<path d=\"M9.4,3.9c0.1-0.2,0.1-0.5,0.1-0.7C9.5,1.4,8,0,6.3,0C4.5,0,3.1,1.4,3.1,3.2c0,0.2,0,0.5,0.1,0.7C1.4,4,0,5.4,0,7.1   c0,1.8,1.4,3.2,3.2,3.2c1.4,0,2.6-0.9,3.1-2.2c0.4,1.3,1.6,2.2,3.1,2.2c1.8,0,3.2-1.4,3.2-3.2C12.5,5.4,11.1,4,9.4,3.9z M3.6,8.9   c-0.9,0-1.7-0.8-1.7-1.7c0-0.9,0.8-1.7,1.7-1.7s1.7,0.8,1.7,1.7C5.3,8.1,4.6,8.9,3.6,8.9z M6.3,5C5.3,5,4.6,4.3,4.6,3.4   s0.8-1.7,1.7-1.7S8,2.4,8,3.4S7.2,5,6.3,5z M8.9,8.9C8,8.9,7.2,8.1,7.2,7.2c0-0.9,0.8-1.7,1.7-1.7c0.9,0,1.7,0.8,1.7,1.7   C10.6,8.1,9.8,8.9,8.9,8.9z\"><\/path><\/g><\/svg>\t\t\t\t\t\t<\/span>\n\t\t\t\t\t\t\t\t\t\t<span class=\"elementor-icon-list-text\">  Whodunit?<\/span>\n\t\t\t\t\t\t\t\t\t<\/li>\n\t\t\t\t\t\t<\/ul>\n\t\t\t\t<\/div>\n\t\t\t\t<\/div>\n\t\t\t\t\t<\/div>\n\t\t<\/div>\n\t\t\t\t\t<\/div>\n\t\t<\/section>\n\t\t\t\t<section class=\"elementor-section elementor-top-section elementor-element elementor-element-2d7039b7 elementor-section-boxed elementor-section-height-default elementor-section-height-default\" data-id=\"2d7039b7\" data-element_type=\"section\" data-settings=\"{&quot;background_background&quot;:&quot;classic&quot;}\">\n\t\t\t\t\t\t<div class=\"elementor-container elementor-column-gap-narrow\">\n\t\t\t\t\t<div class=\"elementor-column elementor-col-33 elementor-top-column elementor-element elementor-element-561d784e\" data-id=\"561d784e\" data-element_type=\"column\">\n\t\t\t<div class=\"elementor-widget-wrap elementor-element-populated\">\n\t\t\t\t\t\t<div class=\"elementor-element elementor-element-59ec3a93 elementor-flip-box--effect-fade elementor-widget elementor-widget-flip-box\" data-id=\"59ec3a93\" data-element_type=\"widget\" data-widget_type=\"flip-box.default\">\n\t\t\t\t<div class=\"elementor-widget-container\">\n\t\t\t<link rel=\"stylesheet\" href=\"https:\/\/whoduniter.com\/wp-content\/plugins\/elementor-pro\/assets\/css\/widget-flip-box.min.css?ver=1721845120\">\t\t<div class=\"elementor-flip-box\" tabindex=\"0\">\n\t\t\t<div class=\"elementor-flip-box__layer elementor-flip-box__front\">\n\t\t\t\t<div class=\"elementor-flip-box__layer__overlay\">\n\t\t\t\t\t<div class=\"elementor-flip-box__layer__inner\">\n\t\t\t\t\t\t\t\t\t\t\t\t\t<div class=\"elementor-icon-wrapper elementor-view-default\">\n\t\t\t\t\t\t\t\t<div class=\"elementor-icon\">\n\t\t\t\t\t\t\t\t\t\t\t\t\t\t\t\t\t<\/div>\n\t\t\t\t\t\t\t<\/div>\n\t\t\t\t\t\t\n\t\t\t\t\t\t\n\t\t\t\t\t\t\t\t\t\t\t<\/div>\n\t\t\t\t<\/div>\n\t\t\t<\/div>\n\t\t\t<div class=\"elementor-flip-box__layer elementor-flip-box__back\">\n\t\t\t<div class=\"elementor-flip-box__layer__overlay\">\n\t\t\t\t<div class=\"elementor-flip-box__layer__inner\">\n\t\t\t\t\t\n\t\t\t\t\t\t\t\t\t\t\t<div class=\"elementor-flip-box__layer__description\">\n\t\t\t\t\t\t\t\u00bfQui\u00e9n cometi\u00f3 el crimen?<br><br>\u00bfQui\u00e9n lo hizo? <br><br>\u00bfWhodunit? \t\t\t\t\t\t<\/div>\n\t\t\t\t\t\n\t\t\t\t\t\t\t\t<\/div>\n\t\t<\/div>\n\t\t<\/div>\n\t\t<\/div>\n\t\t\t\t<\/div>\n\t\t\t\t<\/div>\n\t\t\t\t\t<\/div>\n\t\t<\/div>\n\t\t\t\t<div class=\"elementor-column elementor-col-66 elementor-top-column elementor-element elementor-element-47879bc0 animated-slow elementor-invisible\" data-id=\"47879bc0\" data-element_type=\"column\" data-settings=\"{&quot;background_background&quot;:&quot;classic&quot;,&quot;animation&quot;:&quot;fadeInLeft&quot;}\">\n\t\t\t<div class=\"elementor-widget-wrap elementor-element-populated\">\n\t\t\t\t\t<div class=\"elementor-background-overlay\"><\/div>\n\t\t\t\t\t\t<div class=\"elementor-element elementor-element-5a9af857 elementor-widget elementor-widget-heading\" data-id=\"5a9af857\" data-element_type=\"widget\" data-widget_type=\"heading.default\">\n\t\t\t\t<div class=\"elementor-widget-container\">\n\t\t\t<style>\/*! elementor - v3.23.0 - 23-07-2024 *\/\n.elementor-heading-title{padding:0;margin:0;line-height:1}.elementor-widget-heading .elementor-heading-title[class*=elementor-size-]>a{color:inherit;font-size:inherit;line-height:inherit}.elementor-widget-heading .elementor-heading-title.elementor-size-small{font-size:15px}.elementor-widget-heading .elementor-heading-title.elementor-size-medium{font-size:19px}.elementor-widget-heading .elementor-heading-title.elementor-size-large{font-size:29px}.elementor-widget-heading .elementor-heading-title.elementor-size-xl{font-size:39px}.elementor-widget-heading .elementor-heading-title.elementor-size-xxl{font-size:59px}<\/style><h1 class=\"elementor-heading-title elementor-size-default\">L&D SOLUTIONS<\/h1>\t\t<\/div>\n\t\t\t\t<\/div>\n\t\t\t\t<div class=\"elementor-element elementor-element-6720878b elementor-widget elementor-widget-heading\" data-id=\"6720878b\" data-element_type=\"widget\" data-widget_type=\"heading.default\">\n\t\t\t\t<div class=\"elementor-widget-container\">\n\t\t\t<h1 class=\"elementor-heading-title elementor-size-default\">Un Whodunit es una historia de detectives con \u00e9nfasis en la pregunta \"\u00bfQui\u00e9n lo hizo?\" La mayor\u00eda de las veces, este crimen es un asesinato. \n<br>Utilizamos estas populares historias de detectives para crear actividades en equipo interactivas y divertidas, dise\u00f1adas seg\u00fan los principios del buen storytelling. Es por eso que los participantes encuentran nuestros juegos tan completos e inmersivos.\n<br><br>\nNuestros Whodunits no siguen un gui\u00f3n fijo, tampoco hay actores que lideren el juego. En cambio, todos los jugadores deciden con qui\u00e9n hablar y qu\u00e9 decirse unos a otros. Dependiendo de lo que elijan hacer, hay varios finales diferentes para cada juego. \n<br><br>\nInspir\u00e1ndonos en las historias de las novelas de detectives inglesas de los a\u00f1os 30 y 40, hemos adaptado estas ficciones  como juegos de rol de acci\u00f3n en vivo espec\u00edficamente para equipos corporativos. Esto hace que nuestros Whodunits sean \u00fanicos.<\/h1>\t\t<\/div>\n\t\t\t\t<\/div>\n\t\t\t\t<div class=\"elementor-element elementor-element-f9f717c elementor-widget elementor-widget-spacer\" data-id=\"f9f717c\" data-element_type=\"widget\" data-widget_type=\"spacer.default\">\n\t\t\t\t<div class=\"elementor-widget-container\">\n\t\t\t<style>\/*! elementor - v3.23.0 - 23-07-2024 *\/\n.elementor-column .elementor-spacer-inner{height:var(--spacer-size)}.e-con{--container-widget-width:100%}.e-con-inner>.elementor-widget-spacer,.e-con>.elementor-widget-spacer{width:var(--container-widget-width,var(--spacer-size));--align-self:var(--container-widget-align-self,initial);--flex-shrink:0}.e-con-inner>.elementor-widget-spacer>.elementor-widget-container,.e-con>.elementor-widget-spacer>.elementor-widget-container{height:100%;width:100%}.e-con-inner>.elementor-widget-spacer>.elementor-widget-container>.elementor-spacer,.e-con>.elementor-widget-spacer>.elementor-widget-container>.elementor-spacer{height:100%}.e-con-inner>.elementor-widget-spacer>.elementor-widget-container>.elementor-spacer>.elementor-spacer-inner,.e-con>.elementor-widget-spacer>.elementor-widget-container>.elementor-spacer>.elementor-spacer-inner{height:var(--container-widget-height,var(--spacer-size))}.e-con-inner>.elementor-widget-spacer.elementor-widget-empty,.e-con>.elementor-widget-spacer.elementor-widget-empty{position:relative;min-height:22px;min-width:22px}.e-con-inner>.elementor-widget-spacer.elementor-widget-empty .elementor-widget-empty-icon,.e-con>.elementor-widget-spacer.elementor-widget-empty .elementor-widget-empty-icon{position:absolute;top:0;bottom:0;left:0;right:0;margin:auto;padding:0;width:22px;height:22px}<\/style>\t\t<div class=\"elementor-spacer\">\n\t\t\t<div class=\"elementor-spacer-inner\"><\/div>\n\t\t<\/div>\n\t\t\t\t<\/div>\n\t\t\t\t<\/div>\n\t\t\t\t<div class=\"elementor-element elementor-element-37a81bcb elementor-align-center elementor-widget elementor-widget-button\" data-id=\"37a81bcb\" data-element_type=\"widget\" data-widget_type=\"button.default\">\n\t\t\t\t<div class=\"elementor-widget-container\">\n\t\t\t\t\t<div class=\"elementor-button-wrapper\">\n\t\t\t<a class=\"elementor-button elementor-button-link elementor-size-sm\" href=\"https:\/\/whoduniter.com\/es\/ld-soluciones\/\">\n\t\t\t\t\t\t<span class=\"elementor-button-content-wrapper\">\n\t\t\t\t\t\t<span class=\"elementor-button-icon\">\n\t\t\t\t<svg aria-hidden=\"true\" class=\"e-font-icon-svg e-far-hand-point-right\" viewBox=\"0 0 512 512\" xmlns=\"http:\/\/www.w3.org\/2000\/svg\"><path d=\"M428.8 137.6h-86.177a115.52 115.52 0 0 0 2.176-22.4c0-47.914-35.072-83.2-92-83.2-45.314 0-57.002 48.537-75.707 78.784-7.735 12.413-16.994 23.317-25.851 33.253l-.131.146-.129.148C135.662 161.807 127.764 168 120.8 168h-2.679c-5.747-4.952-13.536-8-22.12-8H32c-17.673 0-32 12.894-32 28.8v230.4C0 435.106 14.327 448 32 448h64c8.584 0 16.373-3.048 22.12-8h2.679c28.688 0 67.137 40 127.2 40h21.299c62.542 0 98.8-38.658 99.94-91.145 12.482-17.813 18.491-40.785 15.985-62.791A93.148 93.148 0 0 0 393.152 304H428.8c45.435 0 83.2-37.584 83.2-83.2 0-45.099-38.101-83.2-83.2-83.2zm0 118.4h-91.026c12.837 14.669 14.415 42.825-4.95 61.05 11.227 19.646 1.687 45.624-12.925 53.625 6.524 39.128-10.076 61.325-50.6 61.325H248c-45.491 0-77.21-35.913-120-39.676V215.571c25.239-2.964 42.966-21.222 59.075-39.596 11.275-12.65 21.725-25.3 30.799-39.875C232.355 112.712 244.006 80 252.8 80c23.375 0 44 8.8 44 35.2 0 35.2-26.4 53.075-26.4 70.4h158.4c18.425 0 35.2 16.5 35.2 35.2 0 18.975-16.225 35.2-35.2 35.2zM88 384c0 13.255-10.745 24-24 24s-24-10.745-24-24 10.745-24 24-24 24 10.745 24 24z\"><\/path><\/svg>\t\t\t<\/span>\n\t\t\t\t\t\t\t\t\t<span class=\"elementor-button-text\">whodunits para la formaci\u00f3n y desarrollo de talento<\/span>\n\t\t\t\t\t<\/span>\n\t\t\t\t\t<\/a>\n\t\t<\/div>\n\t\t\t\t<\/div>\n\t\t\t\t<\/div>\n\t\t\t\t\t<\/div>\n\t\t<\/div>\n\t\t\t\t\t<\/div>\n\t\t<\/section>\n\t\t\t\t<section class=\"elementor-section elementor-top-section elementor-element elementor-element-52945e2c elementor-section-boxed elementor-section-height-default elementor-section-height-default\" data-id=\"52945e2c\" data-element_type=\"section\">\n\t\t\t\t\t\t<div class=\"elementor-container elementor-column-gap-wide\">\n\t\t\t\t\t<div class=\"elementor-column elementor-col-100 elementor-top-column elementor-element elementor-element-320f3438\" data-id=\"320f3438\" data-element_type=\"column\">\n\t\t\t<div class=\"elementor-widget-wrap elementor-element-populated\">\n\t\t\t\t\t\t<div class=\"elementor-element elementor-element-bb9a642 elementor-widget elementor-widget-spacer\" data-id=\"bb9a642\" data-element_type=\"widget\" data-widget_type=\"spacer.default\">\n\t\t\t\t<div class=\"elementor-widget-container\">\n\t\t\t\t\t<div class=\"elementor-spacer\">\n\t\t\t<div class=\"elementor-spacer-inner\"><\/div>\n\t\t<\/div>\n\t\t\t\t<\/div>\n\t\t\t\t<\/div>\n\t\t\t\t\t<\/div>\n\t\t<\/div>\n\t\t\t\t\t<\/div>\n\t\t<\/section>\n\t\t\t\t<section class=\"elementor-section elementor-top-section elementor-element elementor-element-2baea24 elementor-section-height-min-height elementor-section-boxed elementor-section-height-default elementor-section-items-middle\" data-id=\"2baea24\" data-element_type=\"section\" data-settings=\"{&quot;background_background&quot;:&quot;classic&quot;}\">\n\t\t\t\t\t\t\t<div class=\"elementor-background-overlay\"><\/div>\n\t\t\t\t\t\t\t<div class=\"elementor-container elementor-column-gap-wide\">\n\t\t\t\t\t<div class=\"elementor-column elementor-col-33 elementor-top-column elementor-element elementor-element-c71cf2b\" data-id=\"c71cf2b\" data-element_type=\"column\">\n\t\t\t<div class=\"elementor-widget-wrap\">\n\t\t\t\t\t\t\t<\/div>\n\t\t<\/div>\n\t\t\t\t<div class=\"elementor-column elementor-col-33 elementor-top-column elementor-element elementor-element-526aa4f7\" data-id=\"526aa4f7\" data-element_type=\"column\">\n\t\t\t<div class=\"elementor-widget-wrap elementor-element-populated\">\n\t\t\t\t\t\t<div class=\"elementor-element elementor-element-22a9f2cf elementor-widget elementor-widget-heading\" data-id=\"22a9f2cf\" data-element_type=\"widget\" data-widget_type=\"heading.default\">\n\t\t\t\t<div class=\"elementor-widget-container\">\n\t\t\t<span class=\"elementor-heading-title elementor-size-default\">\u00a1Animamos a todos los equipos a aceptar el reto!<\/span>\t\t<\/div>\n\t\t\t\t<\/div>\n\t\t\t\t\t<\/div>\n\t\t<\/div>\n\t\t\t\t<div class=\"elementor-column elementor-col-33 elementor-top-column elementor-element elementor-element-1c655270\" data-id=\"1c655270\" data-element_type=\"column\">\n\t\t\t<div class=\"elementor-widget-wrap\">\n\t\t\t\t\t\t\t<\/div>\n\t\t<\/div>\n\t\t\t\t\t<\/div>\n\t\t<\/section>\n\t\t\t\t<section class=\"elementor-section elementor-top-section elementor-element elementor-element-279cd728 elementor-section-full_width elementor-section-height-default elementor-section-height-default\" data-id=\"279cd728\" data-element_type=\"section\">\n\t\t\t\t\t\t<div class=\"elementor-container elementor-column-gap-default\">\n\t\t\t\t\t<div class=\"elementor-column elementor-col-100 elementor-top-column elementor-element elementor-element-2e4af947\" data-id=\"2e4af947\" data-element_type=\"column\">\n\t\t\t<div class=\"elementor-widget-wrap\">\n\t\t\t\t\t\t\t<\/div>\n\t\t<\/div>\n\t\t\t\t\t<\/div>\n\t\t<\/section>\n\t\t\t\t<\/div>\n\t\t","protected":false},"excerpt":{"rendered":"<p>Whodunit? \u00bfQui\u00e9n cometi\u00f3 el crimen? \u00bfQui\u00e9n lo hizo? \u00bfWhodunit? L&#038;D SOLUTIONS Un Whodunit es una historia de detectives con \u00e9nfasis en la pregunta \u00ab\u00bfQui\u00e9n lo hizo?\u00bb La mayor\u00eda de las veces, este crimen es un asesinato. Utilizamos estas populares historias de detectives para crear actividades en equipo interactivas y divertidas, dise\u00f1adas seg\u00fan los principios del [&hellip;]<\/p>\n","protected":false},"author":1,"featured_media":0,"parent":0,"menu_order":0,"comment_status":"closed","ping_status":"closed","template":"","meta":{"inline_featured_image":false,"site-sidebar-layout":"no-sidebar","site-content-layout":"page-builder","ast-site-content-layout":"","site-content-style":"default","site-sidebar-style":"default","ast-global-header-display":"","ast-banner-title-visibility":"","ast-main-header-display":"","ast-hfb-above-header-display":"","ast-hfb-below-header-display":"","ast-hfb-mobile-header-display":"","site-post-title":"disabled","ast-breadcrumbs-content":"","ast-featured-img":"disabled","footer-sml-layout":"","theme-transparent-header-meta":"default","adv-header-id-meta":"","stick-header-meta":"","header-above-stick-meta":"","header-main-stick-meta":"","header-below-stick-meta":"","astra-migrate-meta-layouts":"default","ast-page-background-enabled":"default","ast-page-background-meta":{"desktop":{"background-color":"var(--ast-global-color-4)","background-image":"","background-repeat":"repeat","background-position":"center center","background-size":"auto","background-attachment":"scroll","background-type":"","background-media":"","overlay-type":"","overlay-color":"","overlay-opacity":"","overlay-gradient":""},"tablet":{"background-color":"","background-image":"","background-repeat":"repeat","background-position":"center center","background-size":"auto","background-attachment":"scroll","background-type":"","background-media":"","overlay-type":"","overlay-color":"","overlay-opacity":"","overlay-gradient":""},"mobile":{"background-color":"","background-image":"","background-repeat":"repeat","background-position":"center center","background-size":"auto","background-attachment":"scroll","background-type":"","background-media":"","overlay-type":"","overlay-color":"","overlay-opacity":"","overlay-gradient":""}},"ast-content-background-meta":{"desktop":{"background-color":"var(--ast-global-color-5)","background-image":"","background-repeat":"repeat","background-position":"center center","background-size":"auto","background-attachment":"scroll","background-type":"","background-media":"","overlay-type":"","overlay-color":"","overlay-opacity":"","overlay-gradient":""},"tablet":{"background-color":"var(--ast-global-color-5)","background-image":"","background-repeat":"repeat","background-position":"center center","background-size":"auto","background-attachment":"scroll","background-type":"","background-media":"","overlay-type":"","overlay-color":"","overlay-opacity":"","overlay-gradient":""},"mobile":{"background-color":"var(--ast-global-color-5)","background-image":"","background-repeat":"repeat","background-position":"center center","background-size":"auto","background-attachment":"scroll","background-type":"","background-media":"","overlay-type":"","overlay-color":"","overlay-opacity":"","overlay-gradient":""}},"footnotes":""},"class_list":["post-1392","page","type-page","status-publish","hentry"],"yoast_head":"<!-- This site is optimized with the Yoast SEO plugin v23.1 - https:\/\/yoast.com\/wordpress\/plugins\/seo\/ -->\n<title>\u00bfQu\u00e9 es un Whodunit? - Whoduniter<\/title>\n<meta name=\"description\" content=\"Un Whodunit es una historia de detectives con \u00e9nfasis en la gran pregunta: \u00bfQui\u00e9n lo hizo?\" \/>\n<meta name=\"robots\" content=\"index, follow, max-snippet:-1, max-image-preview:large, max-video-preview:-1\" \/>\n<link rel=\"canonical\" href=\"https:\/\/whoduniter.com\/es\/que-es-un-whodunit\/\" \/>\n<meta property=\"og:locale\" content=\"es_ES\" \/>\n<meta property=\"og:type\" content=\"article\" \/>\n<meta property=\"og:title\" content=\"\u00bfQu\u00e9 es un Whodunit? - Whoduniter\" \/>\n<meta property=\"og:description\" content=\"Un Whodunit es una historia de detectives con \u00e9nfasis en la gran pregunta: \u00bfQui\u00e9n lo hizo?\" \/>\n<meta property=\"og:url\" content=\"https:\/\/whoduniter.com\/es\/que-es-un-whodunit\/\" \/>\n<meta property=\"og:site_name\" content=\"Whoduniter\" \/>\n<meta property=\"article:modified_time\" content=\"2025-09-04T07:51:26+00:00\" \/>\n<meta name=\"twitter:card\" content=\"summary_large_image\" \/>\n<meta name=\"twitter:label1\" content=\"Tiempo de lectura\" \/>\n\t<meta name=\"twitter:data1\" content=\"1 minuto\" \/>\n<script type=\"application\/ld+json\" class=\"yoast-schema-graph\">{\"@context\":\"https:\/\/schema.org\",\"@graph\":[{\"@type\":\"WebPage\",\"@id\":\"https:\/\/whoduniter.com\/es\/que-es-un-whodunit\/\",\"url\":\"https:\/\/whoduniter.com\/es\/que-es-un-whodunit\/\",\"name\":\"\u00bfQu\u00e9 es un Whodunit? - Whoduniter\",\"isPartOf\":{\"@id\":\"https:\/\/whoduniter.com\/#website\"},\"datePublished\":\"2021-08-27T13:54:34+00:00\",\"dateModified\":\"2025-09-04T07:51:26+00:00\",\"description\":\"Un Whodunit es una historia de detectives con \u00e9nfasis en la gran pregunta: \u00bfQui\u00e9n lo hizo?\",\"breadcrumb\":{\"@id\":\"https:\/\/whoduniter.com\/es\/que-es-un-whodunit\/#breadcrumb\"},\"inLanguage\":\"es\",\"potentialAction\":[{\"@type\":\"ReadAction\",\"target\":[\"https:\/\/whoduniter.com\/es\/que-es-un-whodunit\/\"]}]},{\"@type\":\"BreadcrumbList\",\"@id\":\"https:\/\/whoduniter.com\/es\/que-es-un-whodunit\/#breadcrumb\",\"itemListElement\":[{\"@type\":\"ListItem\",\"position\":1,\"name\":\"Home\",\"item\":\"https:\/\/whoduniter.com\/\"},{\"@type\":\"ListItem\",\"position\":2,\"name\":\"\u00bfQu\u00e9 es un Whodunit?\"}]},{\"@type\":\"WebSite\",\"@id\":\"https:\/\/whoduniter.com\/#website\",\"url\":\"https:\/\/whoduniter.com\/\",\"name\":\"Whoduniter\",\"description\":\"Corporate Mystery Experiences\",\"potentialAction\":[{\"@type\":\"SearchAction\",\"target\":{\"@type\":\"EntryPoint\",\"urlTemplate\":\"https:\/\/whoduniter.com\/?s={search_term_string}\"},\"query-input\":\"required name=search_term_string\"}],\"inLanguage\":\"es\"}]}<\/script>\n<!-- \/ Yoast SEO plugin. -->","yoast_head_json":{"title":"\u00bfQu\u00e9 es un Whodunit? - Whoduniter","description":"Un Whodunit es una historia de detectives con \u00e9nfasis en la gran pregunta: \u00bfQui\u00e9n lo hizo?","robots":{"index":"index","follow":"follow","max-snippet":"max-snippet:-1","max-image-preview":"max-image-preview:large","max-video-preview":"max-video-preview:-1"},"canonical":"https:\/\/whoduniter.com\/es\/que-es-un-whodunit\/","og_locale":"es_ES","og_type":"article","og_title":"\u00bfQu\u00e9 es un Whodunit? - Whoduniter","og_description":"Un Whodunit es una historia de detectives con \u00e9nfasis en la gran pregunta: \u00bfQui\u00e9n lo hizo?","og_url":"https:\/\/whoduniter.com\/es\/que-es-un-whodunit\/","og_site_name":"Whoduniter","article_modified_time":"2025-09-04T07:51:26+00:00","twitter_card":"summary_large_image","twitter_misc":{"Tiempo de lectura":"1 minuto"},"schema":{"@context":"https:\/\/schema.org","@graph":[{"@type":"WebPage","@id":"https:\/\/whoduniter.com\/es\/que-es-un-whodunit\/","url":"https:\/\/whoduniter.com\/es\/que-es-un-whodunit\/","name":"\u00bfQu\u00e9 es un Whodunit? - Whoduniter","isPartOf":{"@id":"https:\/\/whoduniter.com\/#website"},"datePublished":"2021-08-27T13:54:34+00:00","dateModified":"2025-09-04T07:51:26+00:00","description":"Un Whodunit es una historia de detectives con \u00e9nfasis en la gran pregunta: \u00bfQui\u00e9n lo hizo?","breadcrumb":{"@id":"https:\/\/whoduniter.com\/es\/que-es-un-whodunit\/#breadcrumb"},"inLanguage":"es","potentialAction":[{"@type":"ReadAction","target":["https:\/\/whoduniter.com\/es\/que-es-un-whodunit\/"]}]},{"@type":"BreadcrumbList","@id":"https:\/\/whoduniter.com\/es\/que-es-un-whodunit\/#breadcrumb","itemListElement":[{"@type":"ListItem","position":1,"name":"Home","item":"https:\/\/whoduniter.com\/"},{"@type":"ListItem","position":2,"name":"\u00bfQu\u00e9 es un Whodunit?"}]},{"@type":"WebSite","@id":"https:\/\/whoduniter.com\/#website","url":"https:\/\/whoduniter.com\/","name":"Whoduniter","description":"Corporate Mystery Experiences","potentialAction":[{"@type":"SearchAction","target":{"@type":"EntryPoint","urlTemplate":"https:\/\/whoduniter.com\/?s={search_term_string}"},"query-input":"required name=search_term_string"}],"inLanguage":"es"}]}},"_links":{"self":[{"href":"https:\/\/whoduniter.com\/es\/wp-json\/wp\/v2\/pages\/1392","targetHints":{"allow":["GET"]}}],"collection":[{"href":"https:\/\/whoduniter.com\/es\/wp-json\/wp\/v2\/pages"}],"about":[{"href":"https:\/\/whoduniter.com\/es\/wp-json\/wp\/v2\/types\/page"}],"author":[{"embeddable":true,"href":"https:\/\/whoduniter.com\/es\/wp-json\/wp\/v2\/users\/1"}],"replies":[{"embeddable":true,"href":"https:\/\/whoduniter.com\/es\/wp-json\/wp\/v2\/comments?post=1392"}],"version-history":[{"count":17,"href":"https:\/\/whoduniter.com\/es\/wp-json\/wp\/v2\/pages\/1392\/revisions"}],"predecessor-version":[{"id":4437,"href":"https:\/\/whoduniter.com\/es\/wp-json\/wp\/v2\/pages\/1392\/revisions\/4437"}],"wp:attachment":[{"href":"https:\/\/whoduniter.com\/es\/wp-json\/wp\/v2\/media?parent=1392"}],"curies":[{"name":"wp","href":"https:\/\/api.w.org\/{rel}","templated":true}]}}